{"id":5510,"date":"2023-05-29T17:23:14","date_gmt":"2023-05-29T20:23:14","guid":{"rendered":"https:\/\/haafer.com\/site\/?post_type=product&#038;p=5510"},"modified":"2025-12-01T15:13:41","modified_gmt":"2025-12-01T18:13:41","slug":"nuk-set-de-2-chupetes-star-t0-celeste","status":"publish","type":"product","link":"https:\/\/haafer.com\/site\/producto\/nuk-set-de-2-chupetes-star-t0-celeste\/","title":{"rendered":"NUK Set de 2 Chupetes Star T0 &#8211; Celeste"},"content":{"rendered":"<p>Chupetes Nuk Star Reci\u00e9n Nacido con dise\u00f1os delicados y colores tenues ideal para los primeros meses de vida de tu beb\u00e9.<\/p>\n<p>Acerca de los Chupetes Nuk Star R.N<br \/>\nTama\u00f1o especial para beb\u00e9s reci\u00e9n nacidos (0-2 meses)<br \/>\nFormato Ortod\u00f3ntico NUK que se adapta perfectamente al paladar del beb\u00e9<br \/>\nSe adapta de manera \u00f3ptima al paladar y le da a la lengua m\u00e1s espacio para movimientos naturales de succi\u00f3n<br \/>\nMenos presi\u00f3n en la mand\u00edbula y los dientes<br \/>\nTetina extra suave en la parte superior y muy plana<br \/>\nCuello de la tetina m\u00e1s delgado y estrecho<br \/>\nEstuche doble apto para transporte y esterilizaci\u00f3n<br \/>\nBPA FREE<br \/>\nSustentable: Estuche reutilizable<br \/>\nPresentaci\u00f3n: 2 unidades<\/p>\n","protected":false},"excerpt":{"rendered":"<p>Chupetes Nuk Star Reci\u00e9n Nacido con dise\u00f1os delicados y colores tenues ideal para los primeros meses de vida de tu<\/p>\n","protected":false},"featured_media":5519,"comment_status":"open","ping_status":"closed","template":"","meta":[],"product_brand":[],"product_cat":[141,126,102],"product_tag":[],"class_list":{"0":"post-5510","1":"product","2":"type-product","3":"status-publish","4":"has-post-thumbnail","6":"product_cat-chupetes-de-silicona","7":"product_cat-chupetes-y-accesorios","8":"product_cat-nuk","10":"first","11":"instock","12":"shipping-taxable","13":"purchasable","14":"product-type-simple"},"_links":{"self":[{"href":"https:\/\/haafer.com\/site\/wp-json\/wp\/v2\/product\/5510","targetHints":{"allow":["GET"]}}],"collection":[{"href":"https:\/\/haafer.com\/site\/wp-json\/wp\/v2\/product"}],"about":[{"href":"https:\/\/haafer.com\/site\/wp-json\/wp\/v2\/types\/product"}],"replies":[{"embeddable":true,"href":"https:\/\/haafer.com\/site\/wp-json\/wp\/v2\/comments?post=5510"}],"wp:featuredmedia":[{"embeddable":true,"href":"https:\/\/haafer.com\/site\/wp-json\/wp\/v2\/media\/5519"}],"wp:attachment":[{"href":"https:\/\/haafer.com\/site\/wp-json\/wp\/v2\/media?parent=5510"}],"wp:term":[{"taxonomy":"product_brand","embeddable":true,"href":"https:\/\/haafer.com\/site\/wp-json\/wp\/v2\/product_brand?post=5510"},{"taxonomy":"product_cat","embeddable":true,"href":"https:\/\/haafer.com\/site\/wp-json\/wp\/v2\/product_cat?post=5510"},{"taxonomy":"product_tag","embeddable":true,"href":"https:\/\/haafer.com\/site\/wp-json\/wp\/v2\/product_tag?post=5510"}],"curies":[{"name":"wp","href":"https:\/\/api.w.org\/{rel}","templated":true}]}}