{"id":5532,"date":"2023-05-29T18:07:04","date_gmt":"2023-05-29T21:07:04","guid":{"rendered":"https:\/\/haafer.com\/site\/?post_type=product&#038;p=5532"},"modified":"2025-12-01T15:10:31","modified_gmt":"2025-12-01T18:10:31","slug":"set-de-2-chup-signature-0-6-meses-celeste","status":"publish","type":"product","link":"https:\/\/haafer.com\/site\/producto\/set-de-2-chup-signature-0-6-meses-celeste\/","title":{"rendered":"Set de 2 Chup. Signature 0-6 meses Celeste"},"content":{"rendered":"<p>\u00bfQu\u00e9 incluye tu compra?<br \/>\nSET X 2 CHUPETES SIGNATURE NUK con dise\u00f1os delicados y colores tenues ideal para tu beb\u00e9 reci\u00e9n nacido hasta los 6 meses<\/p>\n<p>El chupete NUK Signature es tan plano, delgado y estrecho que se adapta muy bien a las bocas peque\u00f1as y deja suficiente espacio en la lengua para los movimientos naturales de succi\u00f3n. El 100% de los ortodoncistas reconocen que esta es la forma correcta y confirman que los chupetes NUK no causan dientes torcidos o desalineaci\u00f3n de la mand\u00edbula.<\/p>\n<p>Pero ahora el popular chupete NUK tiene un nuevo aspecto maravilloso, suavizando la forma fluida del famoso escudo en forma de coraz\u00f3n y d\u00e1ndole al encantador anillo una actualizaci\u00f3n de moda. Haciendo que esa carita se vea a\u00fan m\u00e1s linda.<\/p>\n<p>Acerca de tu Chupete Nuk Signature:<br \/>\nFormato original NUK mejorado: basado en la forma del pez\u00f3n materno al amamantar.<br \/>\nCuello de la tetina m\u00e1s delgado y angosto: reduce la presi\u00f3n sobre las mand\u00edbulas y los dientes<br \/>\nTetina plana y parte inferior lisa: m\u00e1s espacio para movimientos naturales de la lengua al succionar<br \/>\nEstuche doble apto para transporte y esterilizaci\u00f3n<br \/>\nSustentable: NUK Chupete con estuche reutilizable.<\/p>\n","protected":false},"excerpt":{"rendered":"<p>\u00bfQu\u00e9 incluye tu compra? SET X 2 CHUPETES SIGNATURE NUK con dise\u00f1os delicados y colores tenues ideal para tu beb\u00e9<\/p>\n","protected":false},"featured_media":5533,"comment_status":"open","ping_status":"closed","template":"","meta":[],"product_brand":[],"product_cat":[126,102],"product_tag":[],"class_list":{"0":"post-5532","1":"product","2":"type-product","3":"status-publish","4":"has-post-thumbnail","6":"product_cat-chupetes-y-accesorios","7":"product_cat-nuk","9":"first","10":"instock","11":"shipping-taxable","12":"purchasable","13":"product-type-simple"},"_links":{"self":[{"href":"https:\/\/haafer.com\/site\/wp-json\/wp\/v2\/product\/5532","targetHints":{"allow":["GET"]}}],"collection":[{"href":"https:\/\/haafer.com\/site\/wp-json\/wp\/v2\/product"}],"about":[{"href":"https:\/\/haafer.com\/site\/wp-json\/wp\/v2\/types\/product"}],"replies":[{"embeddable":true,"href":"https:\/\/haafer.com\/site\/wp-json\/wp\/v2\/comments?post=5532"}],"wp:featuredmedia":[{"embeddable":true,"href":"https:\/\/haafer.com\/site\/wp-json\/wp\/v2\/media\/5533"}],"wp:attachment":[{"href":"https:\/\/haafer.com\/site\/wp-json\/wp\/v2\/media?parent=5532"}],"wp:term":[{"taxonomy":"product_brand","embeddable":true,"href":"https:\/\/haafer.com\/site\/wp-json\/wp\/v2\/product_brand?post=5532"},{"taxonomy":"product_cat","embeddable":true,"href":"https:\/\/haafer.com\/site\/wp-json\/wp\/v2\/product_cat?post=5532"},{"taxonomy":"product_tag","embeddable":true,"href":"https:\/\/haafer.com\/site\/wp-json\/wp\/v2\/product_tag?post=5532"}],"curies":[{"name":"wp","href":"https:\/\/api.w.org\/{rel}","templated":true}]}}