{"id":5542,"date":"2023-05-29T19:13:17","date_gmt":"2023-05-29T22:13:17","guid":{"rendered":"https:\/\/haafer.com\/site\/?post_type=product&#038;p=5542"},"modified":"2025-12-01T15:08:27","modified_gmt":"2025-12-01T18:08:27","slug":"set-de-2-chup-space-luminoso-0-6-meses-violeta-blanco","status":"publish","type":"product","link":"https:\/\/haafer.com\/site\/producto\/set-de-2-chup-space-luminoso-0-6-meses-violeta-blanco\/","title":{"rendered":"Set de 2 Chup. Space Luminoso 0-6 meses Violeta\/Blanco"},"content":{"rendered":"<p>\u00bfQu\u00e9 incluye tu compra?<br \/>\nSET X 2 CHUPETES SPACE LUMINOSO NUK con dise\u00f1os de animalitos super tiernos ideal para tu beb\u00e9 reci\u00e9n nacido hasta los 6 meses.<\/p>\n<p>Gracias a su dise\u00f1o \u00fanico, el chupete NUK Space no solo es suave con la piel del beb\u00e9, tambi\u00e9n se ve muy bien. Y ahora viene con muchos motivos nuevos.<\/p>\n<p>\u2013 Especialmente dise\u00f1ado para la piel sensible de los beb\u00e9s<br \/>\n\u2013 M\u00e1xima circulaci\u00f3n de aire gracias a los orificios de ventilaci\u00f3n extra grandes para que la piel respire evitando la irritaci\u00f3n<br \/>\n\u2013 Cuello de la tetina m\u00e1s delgado y estrecho: reduce la presi\u00f3n sobre las mand\u00edbulas y los dientes<br \/>\n\u2013 Tetina m\u00e1s plana y parte inferior m\u00e1s suave que deja m\u00e1s espacio para movimientos de succi\u00f3n naturales<br \/>\n\u2013 Estuche apto para transporte y esterilizaci\u00f3n<br \/>\n\u2013 Bot\u00f3n con efecto de brillo en la oscuridad \u2013 material luminoso inofensivo<br \/>\n\u2013 Talle 1 de 0-6 meses<\/p>\n","protected":false},"excerpt":{"rendered":"<p>\u00bfQu\u00e9 incluye tu compra? SET X 2 CHUPETES SPACE LUMINOSO NUK con dise\u00f1os de animalitos super tiernos ideal para tu<\/p>\n","protected":false},"featured_media":5543,"comment_status":"open","ping_status":"closed","template":"","meta":[],"product_brand":[],"product_cat":[126,102],"product_tag":[],"class_list":{"0":"post-5542","1":"product","2":"type-product","3":"status-publish","4":"has-post-thumbnail","6":"product_cat-chupetes-y-accesorios","7":"product_cat-nuk","9":"first","10":"outofstock","11":"shipping-taxable","12":"purchasable","13":"product-type-simple"},"_links":{"self":[{"href":"https:\/\/haafer.com\/site\/wp-json\/wp\/v2\/product\/5542","targetHints":{"allow":["GET"]}}],"collection":[{"href":"https:\/\/haafer.com\/site\/wp-json\/wp\/v2\/product"}],"about":[{"href":"https:\/\/haafer.com\/site\/wp-json\/wp\/v2\/types\/product"}],"replies":[{"embeddable":true,"href":"https:\/\/haafer.com\/site\/wp-json\/wp\/v2\/comments?post=5542"}],"wp:featuredmedia":[{"embeddable":true,"href":"https:\/\/haafer.com\/site\/wp-json\/wp\/v2\/media\/5543"}],"wp:attachment":[{"href":"https:\/\/haafer.com\/site\/wp-json\/wp\/v2\/media?parent=5542"}],"wp:term":[{"taxonomy":"product_brand","embeddable":true,"href":"https:\/\/haafer.com\/site\/wp-json\/wp\/v2\/product_brand?post=5542"},{"taxonomy":"product_cat","embeddable":true,"href":"https:\/\/haafer.com\/site\/wp-json\/wp\/v2\/product_cat?post=5542"},{"taxonomy":"product_tag","embeddable":true,"href":"https:\/\/haafer.com\/site\/wp-json\/wp\/v2\/product_tag?post=5542"}],"curies":[{"name":"wp","href":"https:\/\/api.w.org\/{rel}","templated":true}]}}