{"id":5552,"date":"2023-05-29T19:27:18","date_gmt":"2023-05-29T22:27:18","guid":{"rendered":"https:\/\/haafer.com\/site\/?post_type=product&#038;p=5552"},"modified":"2025-12-01T15:05:21","modified_gmt":"2025-12-01T18:05:21","slug":"set-de-2-chup-space-mickey-mouse-t-1-blanco-gris","status":"publish","type":"product","link":"https:\/\/haafer.com\/site\/producto\/set-de-2-chup-space-mickey-mouse-t-1-blanco-gris\/","title":{"rendered":"Set de 2 Chup. Space Mickey Mouse T 1 Blanco\/Gris"},"content":{"rendered":"<p>Nuk Space Mickey Mouse 0-6 meses<\/p>\n<p>Aberturas extragrandes<br \/>\nProporciona la m\u00e1xima circulaci\u00f3n de aire para que la piel sensible del beb\u00e9 pueda respirar.<\/p>\n<p>Forma adaptada a la mand\u00edbula<br \/>\nLa boquilla suave y flexible y el cuello de la tetina reducen la presi\u00f3n sobre la mand\u00edbula y los dientes, lo que reduce el riesgo de defectos dentales.<\/p>\n<p>Sistema Nuk Air System<br \/>\nPermite que el aire salga siempre para que la boquilla se mantenga suave, flexible y plana en la boca del beb\u00e9.<\/p>\n","protected":false},"excerpt":{"rendered":"<p>Nuk Space Mickey Mouse 0-6 meses Aberturas extragrandes Proporciona la m\u00e1xima circulaci\u00f3n de aire para que la piel sensible del<\/p>\n","protected":false},"featured_media":5551,"comment_status":"open","ping_status":"closed","template":"","meta":[],"product_brand":[],"product_cat":[126,102],"product_tag":[],"class_list":{"0":"post-5552","1":"product","2":"type-product","3":"status-publish","4":"has-post-thumbnail","6":"product_cat-chupetes-y-accesorios","7":"product_cat-nuk","9":"first","10":"instock","11":"shipping-taxable","12":"purchasable","13":"product-type-simple"},"_links":{"self":[{"href":"https:\/\/haafer.com\/site\/wp-json\/wp\/v2\/product\/5552","targetHints":{"allow":["GET"]}}],"collection":[{"href":"https:\/\/haafer.com\/site\/wp-json\/wp\/v2\/product"}],"about":[{"href":"https:\/\/haafer.com\/site\/wp-json\/wp\/v2\/types\/product"}],"replies":[{"embeddable":true,"href":"https:\/\/haafer.com\/site\/wp-json\/wp\/v2\/comments?post=5552"}],"wp:featuredmedia":[{"embeddable":true,"href":"https:\/\/haafer.com\/site\/wp-json\/wp\/v2\/media\/5551"}],"wp:attachment":[{"href":"https:\/\/haafer.com\/site\/wp-json\/wp\/v2\/media?parent=5552"}],"wp:term":[{"taxonomy":"product_brand","embeddable":true,"href":"https:\/\/haafer.com\/site\/wp-json\/wp\/v2\/product_brand?post=5552"},{"taxonomy":"product_cat","embeddable":true,"href":"https:\/\/haafer.com\/site\/wp-json\/wp\/v2\/product_cat?post=5552"},{"taxonomy":"product_tag","embeddable":true,"href":"https:\/\/haafer.com\/site\/wp-json\/wp\/v2\/product_tag?post=5552"}],"curies":[{"name":"wp","href":"https:\/\/api.w.org\/{rel}","templated":true}]}}