{"id":5560,"date":"2023-05-29T19:41:47","date_gmt":"2023-05-29T22:41:47","guid":{"rendered":"https:\/\/haafer.com\/site\/?post_type=product&#038;p=5560"},"modified":"2025-12-01T15:03:11","modified_gmt":"2025-12-01T18:03:11","slug":"termometro-para-bano-colores-surtidos-2","status":"publish","type":"product","link":"https:\/\/haafer.com\/site\/producto\/termometro-para-bano-colores-surtidos-2\/","title":{"rendered":"Term\u00f3metro para ba\u00f1o &#8211; Colores surtidos"},"content":{"rendered":"<p>\u2013 Para medir la temperatura del agua del ba\u00f1o<br \/>\n\u2013 Con l\u00edquido de medici\u00f3n natural, en base de aceite de canola<br \/>\n\u2013 Desarrollado en material resistente a los golpes<br \/>\n\u2013 Elaborado en Alemania<br \/>\n\u2013 Motivos alegres del mundo acu\u00e1tico<\/p>\n<p>El term\u00f3metro NUK de ba\u00f1o garantiza una diversi\u00f3n segura a la hora del ba\u00f1o. Contiene un fluido natural y completamente inofensivo que se basa en aceite de canola.<\/p>\n<p>Sugerimos siempre chequear la temperatura del agua antes de comenzar el ba\u00f1o. Con escala de temperatura f\u00e1cil de leer. Es pr\u00e1ctico y seguro. Esta elaborado en Alemania con pl\u00e1stico irrompible que conserva su forma. \u00a1Los alegres motivos del mundo acu\u00e1tico hacen que la ba\u00f1era sea m\u00e1s divertida!<\/p>\n","protected":false},"excerpt":{"rendered":"<p>\u2013 Para medir la temperatura del agua del ba\u00f1o \u2013 Con l\u00edquido de medici\u00f3n natural, en base de aceite de<\/p>\n","protected":false},"featured_media":5561,"comment_status":"open","ping_status":"closed","template":"","meta":[],"product_brand":[],"product_cat":[148,102],"product_tag":[],"class_list":{"0":"post-5560","1":"product","2":"type-product","3":"status-publish","4":"has-post-thumbnail","6":"product_cat-cubiertos-y-vajilla","7":"product_cat-nuk","9":"first","10":"instock","11":"shipping-taxable","12":"purchasable","13":"product-type-simple"},"_links":{"self":[{"href":"https:\/\/haafer.com\/site\/wp-json\/wp\/v2\/product\/5560","targetHints":{"allow":["GET"]}}],"collection":[{"href":"https:\/\/haafer.com\/site\/wp-json\/wp\/v2\/product"}],"about":[{"href":"https:\/\/haafer.com\/site\/wp-json\/wp\/v2\/types\/product"}],"replies":[{"embeddable":true,"href":"https:\/\/haafer.com\/site\/wp-json\/wp\/v2\/comments?post=5560"}],"wp:featuredmedia":[{"embeddable":true,"href":"https:\/\/haafer.com\/site\/wp-json\/wp\/v2\/media\/5561"}],"wp:attachment":[{"href":"https:\/\/haafer.com\/site\/wp-json\/wp\/v2\/media?parent=5560"}],"wp:term":[{"taxonomy":"product_brand","embeddable":true,"href":"https:\/\/haafer.com\/site\/wp-json\/wp\/v2\/product_brand?post=5560"},{"taxonomy":"product_cat","embeddable":true,"href":"https:\/\/haafer.com\/site\/wp-json\/wp\/v2\/product_cat?post=5560"},{"taxonomy":"product_tag","embeddable":true,"href":"https:\/\/haafer.com\/site\/wp-json\/wp\/v2\/product_tag?post=5560"}],"curies":[{"name":"wp","href":"https:\/\/api.w.org\/{rel}","templated":true}]}}