{"id":5565,"date":"2023-05-29T19:44:32","date_gmt":"2023-05-29T22:44:32","guid":{"rendered":"https:\/\/haafer.com\/site\/?post_type=product&#038;p=5565"},"modified":"2024-07-30T17:30:51","modified_gmt":"2024-07-30T20:30:51","slug":"tetina-nuk-for-nature-flujo-m-6-orif-leche","status":"publish","type":"product","link":"https:\/\/haafer.com\/site\/producto\/tetina-nuk-for-nature-flujo-m-6-orif-leche\/","title":{"rendered":"Tetina NUK for Nature Flujo M (6 orif. Leche)"},"content":{"rendered":"<p>Contiene varios orificios peque\u00f1os, una punta extra-suave, particularmaente fexible y se adapta a la boca de manera similar al pez\u00f3n materno. Adaptado para beb\u00e9s de 6-18 meses y tiene 6 orifcios, 2\/blister.<\/p>\n","protected":false},"excerpt":{"rendered":"<p>Contiene varios orificios peque\u00f1os, una punta extra-suave, particularmaente fexible y se adapta a la boca de manera similar al pez\u00f3n<\/p>\n","protected":false},"featured_media":5567,"comment_status":"open","ping_status":"closed","template":"","meta":[],"product_brand":[],"product_cat":[124,102,135],"product_tag":[],"class_list":{"0":"post-5565","1":"product","2":"type-product","3":"status-publish","4":"has-post-thumbnail","6":"product_cat-mamaderas-y-accesorios","7":"product_cat-nuk","8":"product_cat-tetinas-mamaderas-y-accesorios","10":"first","11":"instock","12":"shipping-taxable","13":"purchasable","14":"product-type-simple"},"_links":{"self":[{"href":"https:\/\/haafer.com\/site\/wp-json\/wp\/v2\/product\/5565","targetHints":{"allow":["GET"]}}],"collection":[{"href":"https:\/\/haafer.com\/site\/wp-json\/wp\/v2\/product"}],"about":[{"href":"https:\/\/haafer.com\/site\/wp-json\/wp\/v2\/types\/product"}],"replies":[{"embeddable":true,"href":"https:\/\/haafer.com\/site\/wp-json\/wp\/v2\/comments?post=5565"}],"wp:featuredmedia":[{"embeddable":true,"href":"https:\/\/haafer.com\/site\/wp-json\/wp\/v2\/media\/5567"}],"wp:attachment":[{"href":"https:\/\/haafer.com\/site\/wp-json\/wp\/v2\/media?parent=5565"}],"wp:term":[{"taxonomy":"product_brand","embeddable":true,"href":"https:\/\/haafer.com\/site\/wp-json\/wp\/v2\/product_brand?post=5565"},{"taxonomy":"product_cat","embeddable":true,"href":"https:\/\/haafer.com\/site\/wp-json\/wp\/v2\/product_cat?post=5565"},{"taxonomy":"product_tag","embeddable":true,"href":"https:\/\/haafer.com\/site\/wp-json\/wp\/v2\/product_tag?post=5565"}],"curies":[{"name":"wp","href":"https:\/\/api.w.org\/{rel}","templated":true}]}}