{"id":5571,"date":"2023-05-29T20:02:26","date_gmt":"2023-05-29T23:02:26","guid":{"rendered":"https:\/\/haafer.com\/site\/?post_type=product&#038;p=5571"},"modified":"2025-11-30T12:06:47","modified_gmt":"2025-11-30T15:06:47","slug":"vaso-action-cup-leopardo-verde","status":"publish","type":"product","link":"https:\/\/haafer.com\/site\/producto\/vaso-action-cup-leopardo-verde\/","title":{"rendered":"Vaso Action Cup Leopardo Verde"},"content":{"rendered":"<p>El Vaso Nuk Action Cup Evolution: \u00a1la taza de transici\u00f3n perfecta para beb\u00e9s en crecimiento!<br \/>\nEl Vaso Nuk Action Cup Evolution: \u00a1la taza de transici\u00f3n perfecta para beb\u00e9s en crecimiento!<br \/>\n\u00a1El mejor amigo de tu beb\u00e9 en la transici\u00f3n de la taza al vaso!<br \/>\n\u00bfEst\u00e1 buscando una taza de transici\u00f3n para su peque\u00f1o en crecimiento? \u00a1El Vaso Nuk Action Cup Evolution es la soluci\u00f3n perfecta! Dise\u00f1ado para beb\u00e9s de 12 meses en adelante, este vaso con cuello ancho y boquilla de silicona suave es f\u00e1cil de usar y ayuda a su beb\u00e9 en la transici\u00f3n de la taza al vaso. Con su dise\u00f1o ergon\u00f3mico, el Vaso Nuk Action Cup Evolution tambi\u00e9n es f\u00e1cil de sostener para las peque\u00f1as manos de su beb\u00e9, lo que le permitir\u00e1 disfrutar de sus bebidas favoritas de manera m\u00e1s independiente.<\/p>\n<p>Vaso Nuk Action Cup Evolution: \u00a1f\u00e1cil de sostener y usar para los peque\u00f1os!<br \/>\nDise\u00f1o ergon\u00f3mico del Vaso Nuk Action Cup Evolution para la comodidad de tu beb\u00e9.<br \/>\nDise\u00f1o ergon\u00f3mico para una experiencia de bebida sin esfuerzo<br \/>\nEl Vaso Nuk Action Cup Evolution ha sido dise\u00f1ado teniendo en cuenta la comodidad de su beb\u00e9. Con su forma ergon\u00f3mica, este vaso es f\u00e1cil de sostener y permite que su beb\u00e9 beba sin esfuerzo. La boquilla de silicona suave tambi\u00e9n garantiza una experiencia de bebida c\u00f3moda para su beb\u00e9. Adem\u00e1s, este vaso tiene un cuello ancho que hace que sea f\u00e1cil de llenar y limpiar. El Vaso Nuk Action Cup Evolution es perfecto para los padres que buscan una taza f\u00e1cil de usar y f\u00e1cil de mantener limpia.<\/p>\n<p>F\u00e1cil de armar y desarmar para los padres ocupados<br \/>\nCon su dise\u00f1o inteligente, este vaso se arma y desarma f\u00e1cilmente, lo que significa que no perder\u00e1s tiempo en el proceso de limpieza. Adem\u00e1s, su boquilla de silicona suave es f\u00e1cil de limpiar, lo que hace que el mantenimiento de este vaso sea un juego de ni\u00f1os. \u00a1El Vaso Nuk Action Cup Evolution es perfecto para padres ocupados que necesitan un vaso f\u00e1cil de usar y f\u00e1cil de mantener limpio!<\/p>\n","protected":false},"excerpt":{"rendered":"<p>El Vaso Nuk Action Cup Evolution: \u00a1la taza de transici\u00f3n perfecta para beb\u00e9s en crecimiento! El Vaso Nuk Action Cup<\/p>\n","protected":false},"featured_media":5572,"comment_status":"open","ping_status":"closed","template":"","meta":[],"product_brand":[],"product_cat":[102,125],"product_tag":[],"class_list":{"0":"post-5571","1":"product","2":"type-product","3":"status-publish","4":"has-post-thumbnail","6":"product_cat-nuk","7":"product_cat-vasos-nuk","9":"first","10":"instock","11":"shipping-taxable","12":"purchasable","13":"product-type-simple"},"_links":{"self":[{"href":"https:\/\/haafer.com\/site\/wp-json\/wp\/v2\/product\/5571","targetHints":{"allow":["GET"]}}],"collection":[{"href":"https:\/\/haafer.com\/site\/wp-json\/wp\/v2\/product"}],"about":[{"href":"https:\/\/haafer.com\/site\/wp-json\/wp\/v2\/types\/product"}],"replies":[{"embeddable":true,"href":"https:\/\/haafer.com\/site\/wp-json\/wp\/v2\/comments?post=5571"}],"wp:featuredmedia":[{"embeddable":true,"href":"https:\/\/haafer.com\/site\/wp-json\/wp\/v2\/media\/5572"}],"wp:attachment":[{"href":"https:\/\/haafer.com\/site\/wp-json\/wp\/v2\/media?parent=5571"}],"wp:term":[{"taxonomy":"product_brand","embeddable":true,"href":"https:\/\/haafer.com\/site\/wp-json\/wp\/v2\/product_brand?post=5571"},{"taxonomy":"product_cat","embeddable":true,"href":"https:\/\/haafer.com\/site\/wp-json\/wp\/v2\/product_cat?post=5571"},{"taxonomy":"product_tag","embeddable":true,"href":"https:\/\/haafer.com\/site\/wp-json\/wp\/v2\/product_tag?post=5571"}],"curies":[{"name":"wp","href":"https:\/\/api.w.org\/{rel}","templated":true}]}}