{"id":5586,"date":"2023-05-29T20:32:41","date_gmt":"2023-05-29T23:32:41","guid":{"rendered":"https:\/\/haafer.com\/site\/?post_type=product&#038;p=5586"},"modified":"2025-11-30T12:01:30","modified_gmt":"2025-11-30T15:01:30","slug":"vaso-junior-cup-300-ml-efecto-camaleon-pez","status":"publish","type":"product","link":"https:\/\/haafer.com\/site\/producto\/vaso-junior-cup-300-ml-efecto-camaleon-pez\/","title":{"rendered":"Vaso Junior Cup 300 ml Efecto Camale\u00f3n &#8211; Pez azul"},"content":{"rendered":"<p>NUK Vaso Junior Cup con Efecto Pez<br \/>\nEl vaso ideal para ni\u00f1os en edad preescolar<br \/>\nEl Vaso Nuk Junior Cup 300ml es perfecto para ni\u00f1os en edad preescolar. Con un tama\u00f1o de 300ml, es lo suficientemente grande para satisfacer su sed sin ser demasiado pesado o dif\u00edcil de manejar. Adem\u00e1s, el pico push pull hace que sea f\u00e1cil de beber, mientras que el clip para paseo antiderrame evita los derrames y mantiene el vaso siempre a mano. \u00a1Ideal para llevarlo a la guarder\u00eda, al parque o de viaje!<\/p>\n<p>NUK Vaso Junior Cup \u00a1F\u00e1cil de usar! Pico push pull para beber sin derrames<br \/>\nVaso Nuk Junior Cup 300ml: Vaso perfecta para ni\u00f1os en edad preescolar<br \/>\nUn dise\u00f1o divertido que cambia de color<br \/>\nEl efecto pez que cambia de color hace que este vaso sea a\u00fan m\u00e1s atractiva para los ni\u00f1os. El dise\u00f1o es divertido y colorido, lo que la hace ideal para ni\u00f1os peque\u00f1os que est\u00e1n aprendiendo a beber de un vaso. Adem\u00e1s, el efecto pez cambia de color cuando se llena con l\u00edquido fr\u00edo, lo que sorprender\u00e1 a los ni\u00f1os y los mantendr\u00e1 hidratados en cualquier momento.<\/p>\n<p>La mejor opci\u00f3n para un vaso resistente<br \/>\nEste vaso est\u00e1 hecha con materiales de alta calidad que la hacen resistente a los golpes y ca\u00eddas. El Vaso Nuk Junior Cup 300ml es duradero y f\u00e1cil de limpiar, lo que la hace una excelente opci\u00f3n para padres ocupados que buscan un vaso que pueda resistir el uso diario. Adem\u00e1s, el dise\u00f1o antigoteo y el clip para paseo garantizan que los l\u00edquidos se mantengan dentro del vaso y no en la ropa o en el suelo.<\/p>\n","protected":false},"excerpt":{"rendered":"<p>NUK Vaso Junior Cup con Efecto Pez El vaso ideal para ni\u00f1os en edad preescolar El Vaso Nuk Junior Cup<\/p>\n","protected":false},"featured_media":5594,"comment_status":"open","ping_status":"closed","template":"","meta":[],"product_brand":[],"product_cat":[102,125],"product_tag":[],"class_list":{"0":"post-5586","1":"product","2":"type-product","3":"status-publish","4":"has-post-thumbnail","6":"product_cat-nuk","7":"product_cat-vasos-nuk","9":"first","10":"instock","11":"shipping-taxable","12":"purchasable","13":"product-type-simple"},"_links":{"self":[{"href":"https:\/\/haafer.com\/site\/wp-json\/wp\/v2\/product\/5586","targetHints":{"allow":["GET"]}}],"collection":[{"href":"https:\/\/haafer.com\/site\/wp-json\/wp\/v2\/product"}],"about":[{"href":"https:\/\/haafer.com\/site\/wp-json\/wp\/v2\/types\/product"}],"replies":[{"embeddable":true,"href":"https:\/\/haafer.com\/site\/wp-json\/wp\/v2\/comments?post=5586"}],"wp:featuredmedia":[{"embeddable":true,"href":"https:\/\/haafer.com\/site\/wp-json\/wp\/v2\/media\/5594"}],"wp:attachment":[{"href":"https:\/\/haafer.com\/site\/wp-json\/wp\/v2\/media?parent=5586"}],"wp:term":[{"taxonomy":"product_brand","embeddable":true,"href":"https:\/\/haafer.com\/site\/wp-json\/wp\/v2\/product_brand?post=5586"},{"taxonomy":"product_cat","embeddable":true,"href":"https:\/\/haafer.com\/site\/wp-json\/wp\/v2\/product_cat?post=5586"},{"taxonomy":"product_tag","embeddable":true,"href":"https:\/\/haafer.com\/site\/wp-json\/wp\/v2\/product_tag?post=5586"}],"curies":[{"name":"wp","href":"https:\/\/api.w.org\/{rel}","templated":true}]}}