{"id":5599,"date":"2023-05-29T20:46:21","date_gmt":"2023-05-29T23:46:21","guid":{"rendered":"https:\/\/haafer.com\/site\/?post_type=product&#038;p=5599"},"modified":"2025-11-30T11:56:44","modified_gmt":"2025-11-30T14:56:44","slug":"vaso-magic-cup-mickey-mouse-rosa","status":"publish","type":"product","link":"https:\/\/haafer.com\/site\/producto\/vaso-magic-cup-mickey-mouse-rosa\/","title":{"rendered":"Vaso Magic Cup Mickey Mouse Rosa"},"content":{"rendered":"<p>Vaso NUK Evolution Magic Cup DISNEY MICKEY MINNIE<br \/>\ncon borde 360\u00ba<br \/>\n230ml +8meses<\/p>\n<p>\u2022 Borde de 360\u00b0 que se puede usar de todos lados<br \/>\n\u2022 Con sello de silicona, anti-derrame<br \/>\n\u2022 Con tapa protectora para traslados<br \/>\n\u2022 Adecuado para beb\u00e9s a partir de los 8 meses de edad<br \/>\n\u2022 Capacidad 230 ml<br \/>\n\u2022 Fabricado en material de alta calidad (PP), libre de BPA<\/p>\n<p>NUK Magic Cup: Aprender a beber es m\u00e1gico<\/p>\n<p>Aprender a beber en forma independiente es uno de los pasos m\u00e1s importantes en el desarrollo del beb\u00e9. El Vaso NUK Magic les permite a los ni\u00f1os aprender a beber como ni\u00f1os grandes, de un vaso normal y desde cualquier lado. La diferencia \u201cm\u00e1gica&#8221;: el vaso es a prueba de derrames. Un disco de silicona sella el accesorio en el interior. Beber es un juego de ni\u00f1os: \u00a1simplemente succiona en el borde del vaso y el delgado sello del borde se abre, aprender a beber es m\u00e1gico!<\/p>\n<p>NUK Magic Cup \u2013 poder beber de todos los lados como los ni\u00f1os grandes<\/p>\n<p>NUK Magic Cup est\u00e1 fabricado con materiales resistentes y de alta calidad, es 100% libre de BPA y viene con impresiones de motivos modernos. Est\u00e1 formado por diferentes partes, que se pueden desarmar f\u00e1cilmente para lavarlos. Es apto para lava vajillas. Ahora, incluye una tapa protectora para mantener al vaso limpio y seguro durante los traslados.<\/p>\n<p>Este vaso NUK es compatible con todos los art\u00edculos de la L\u00ednea NUK Evolution Cups.<\/p>\n","protected":false},"excerpt":{"rendered":"<p>Vaso NUK Evolution Magic Cup DISNEY MICKEY MINNIE con borde 360\u00ba 230ml +8meses \u2022 Borde de 360\u00b0 que se puede<\/p>\n","protected":false},"featured_media":5604,"comment_status":"open","ping_status":"closed","template":"","meta":[],"product_brand":[],"product_cat":[102,125],"product_tag":[],"class_list":{"0":"post-5599","1":"product","2":"type-product","3":"status-publish","4":"has-post-thumbnail","6":"product_cat-nuk","7":"product_cat-vasos-nuk","9":"first","10":"instock","11":"shipping-taxable","12":"purchasable","13":"product-type-simple"},"_links":{"self":[{"href":"https:\/\/haafer.com\/site\/wp-json\/wp\/v2\/product\/5599","targetHints":{"allow":["GET"]}}],"collection":[{"href":"https:\/\/haafer.com\/site\/wp-json\/wp\/v2\/product"}],"about":[{"href":"https:\/\/haafer.com\/site\/wp-json\/wp\/v2\/types\/product"}],"replies":[{"embeddable":true,"href":"https:\/\/haafer.com\/site\/wp-json\/wp\/v2\/comments?post=5599"}],"wp:featuredmedia":[{"embeddable":true,"href":"https:\/\/haafer.com\/site\/wp-json\/wp\/v2\/media\/5604"}],"wp:attachment":[{"href":"https:\/\/haafer.com\/site\/wp-json\/wp\/v2\/media?parent=5599"}],"wp:term":[{"taxonomy":"product_brand","embeddable":true,"href":"https:\/\/haafer.com\/site\/wp-json\/wp\/v2\/product_brand?post=5599"},{"taxonomy":"product_cat","embeddable":true,"href":"https:\/\/haafer.com\/site\/wp-json\/wp\/v2\/product_cat?post=5599"},{"taxonomy":"product_tag","embeddable":true,"href":"https:\/\/haafer.com\/site\/wp-json\/wp\/v2\/product_tag?post=5599"}],"curies":[{"name":"wp","href":"https:\/\/api.w.org\/{rel}","templated":true}]}}