{"id":5608,"date":"2023-05-29T20:59:55","date_gmt":"2023-05-29T23:59:55","guid":{"rendered":"https:\/\/haafer.com\/site\/?post_type=product&#038;p=5608"},"modified":"2025-11-30T11:55:54","modified_gmt":"2025-11-30T14:55:54","slug":"vaso-mini-magic-cup-azul","status":"publish","type":"product","link":"https:\/\/haafer.com\/site\/producto\/vaso-mini-magic-cup-azul\/","title":{"rendered":"Vaso Mini Magic Cup Hormiga Azul"},"content":{"rendered":"<p>Se puede beber 360 grados desde todos los lados del vaso, no se derrama.<br \/>\nNo se derrama ni tiene fugas cuando se vuelca o se da vuelta.<br \/>\nSe mantiene limpio con una funda protectora.<br \/>\nFomenta la transici\u00f3n a la autoalimentaci\u00f3n.<br \/>\nEl disco para beber est\u00e1 hecho de silicona blanda y las otras partes est\u00e1n hechas de polipropileno de alta calidad.<br \/>\nHecho de polipropileno libre de BPA y BPS.<br \/>\nHecho en Alemania.<br \/>\nNota: Se recomienda beber l\u00edquidos con menor frecuencia como agua, leche, zumos de frutas e infusiones aptas para beb\u00e9s. Los alimentos l\u00edquidos espesos como la sopa y el suero de leche pueden tener dificultades para atravesar el disco de nutrici\u00f3n.<\/p>\n","protected":false},"excerpt":{"rendered":"<p>Se puede beber 360 grados desde todos los lados del vaso, no se derrama. No se derrama ni tiene fugas<\/p>\n","protected":false},"featured_media":5614,"comment_status":"open","ping_status":"closed","template":"","meta":[],"product_brand":[],"product_cat":[102,125],"product_tag":[],"class_list":{"0":"post-5608","1":"product","2":"type-product","3":"status-publish","4":"has-post-thumbnail","6":"product_cat-nuk","7":"product_cat-vasos-nuk","9":"first","10":"instock","11":"shipping-taxable","12":"purchasable","13":"product-type-simple"},"_links":{"self":[{"href":"https:\/\/haafer.com\/site\/wp-json\/wp\/v2\/product\/5608","targetHints":{"allow":["GET"]}}],"collection":[{"href":"https:\/\/haafer.com\/site\/wp-json\/wp\/v2\/product"}],"about":[{"href":"https:\/\/haafer.com\/site\/wp-json\/wp\/v2\/types\/product"}],"replies":[{"embeddable":true,"href":"https:\/\/haafer.com\/site\/wp-json\/wp\/v2\/comments?post=5608"}],"wp:featuredmedia":[{"embeddable":true,"href":"https:\/\/haafer.com\/site\/wp-json\/wp\/v2\/media\/5614"}],"wp:attachment":[{"href":"https:\/\/haafer.com\/site\/wp-json\/wp\/v2\/media?parent=5608"}],"wp:term":[{"taxonomy":"product_brand","embeddable":true,"href":"https:\/\/haafer.com\/site\/wp-json\/wp\/v2\/product_brand?post=5608"},{"taxonomy":"product_cat","embeddable":true,"href":"https:\/\/haafer.com\/site\/wp-json\/wp\/v2\/product_cat?post=5608"},{"taxonomy":"product_tag","embeddable":true,"href":"https:\/\/haafer.com\/site\/wp-json\/wp\/v2\/product_tag?post=5608"}],"curies":[{"name":"wp","href":"https:\/\/api.w.org\/{rel}","templated":true}]}}