{"id":5611,"date":"2023-05-29T21:00:11","date_gmt":"2023-05-30T00:00:11","guid":{"rendered":"https:\/\/haafer.com\/site\/?post_type=product&#038;p=5611"},"modified":"2025-11-30T11:53:56","modified_gmt":"2025-11-30T14:53:56","slug":"vaso-mini-magic-cup-verde","status":"publish","type":"product","link":"https:\/\/haafer.com\/site\/producto\/vaso-mini-magic-cup-verde\/","title":{"rendered":"Vaso Mini Magic Cup Rat\u00f3n Verde"},"content":{"rendered":"<p>Vaso Evolution NUK Mini Magic Cup<br \/>\nCon borde para beber en 360 \u00b0<br \/>\nCon asas ergon\u00f3micas para favorecer el agarre<br \/>\nA prueba de derrames y con tapa protectora para el transporte<br \/>\nAdecuado para beb\u00e9s a partir de 6 meses de edad<br \/>\nCapacidad 160 ml<br \/>\nFabricado en material de alta calidad (PP), libre de BPA<br \/>\nDisponible en 3 colores ( confirmar en la publicacion !)<\/p>\n<p>Aprender a beber est\u00e1 en tus manos<\/p>\n<p>El Mini Magic Cup permite que incluso los ni\u00f1os m\u00e1s peque\u00f1os beban como los ni\u00f1os grandes. El borde para beber en 360 \u00b0 alienta a los m\u00e1s peque\u00f1os a practicar beber, casi como de un vaso normal. La \u00fanica diferencia &#8220;m\u00e1gica&#8221;: no gote ya que un disco de silicona sella la parte superior desde el interior. Beber sigue siendo un juego de ni\u00f1os: solo necesitan succionar suavemente desde el borde.<\/p>\n<p>Adem\u00e1s, el vaso es extra peque\u00f1o y f\u00e1cil de sujetar. Gracias a su mango ergon\u00f3mico, incluso los dedos y las manos peque\u00f1as pueden sostenerlo sin ning\u00fan esfuerzo. Y para mantener el vaso Mini Magic Cup limpio y seguro donde sea que est\u00e9, tiene su tapa de protecci\u00f3n.<\/p>\n<p>NUK Mini Magic Cup: beber como los ni\u00f1os grandes, f\u00e1cil para los m\u00e1s peque\u00f1os<\/p>\n<p>Elaborado de un material resistente de alta calidad, est\u00e1 100% libre de BPA. Se compone de pocas piezas que se pueden desmontar y volver a ensamblar en muy poco tiempo y es f\u00e1cil de limpiar de manera efectiva.<\/p>\n<p>NUK Evolution Cups: el vaso adecuado para cada etapa de desarrollo<\/p>\n<p>Aprender a beber de forma independiente es uno de los pasos m\u00e1s importantes en el desarrollo de un beb\u00e9 y es un verdadero desaf\u00edo en t\u00e9rminos de paciencia y habilidad. Es por eso que hemos desarrollado la l\u00ednea NUK Evolution: vasos en dos tama\u00f1os y con diferentes tapas para beber, que &#8220;crecen&#8221; con los ni\u00f1os.<\/p>\n","protected":false},"excerpt":{"rendered":"<p>Vaso Evolution NUK Mini Magic Cup Con borde para beber en 360 \u00b0 Con asas ergon\u00f3micas para favorecer el agarre<\/p>\n","protected":false},"featured_media":5616,"comment_status":"open","ping_status":"closed","template":"","meta":[],"product_brand":[],"product_cat":[102,125],"product_tag":[],"class_list":{"0":"post-5611","1":"product","2":"type-product","3":"status-publish","4":"has-post-thumbnail","6":"product_cat-nuk","7":"product_cat-vasos-nuk","9":"first","10":"instock","11":"shipping-taxable","12":"purchasable","13":"product-type-simple"},"_links":{"self":[{"href":"https:\/\/haafer.com\/site\/wp-json\/wp\/v2\/product\/5611","targetHints":{"allow":["GET"]}}],"collection":[{"href":"https:\/\/haafer.com\/site\/wp-json\/wp\/v2\/product"}],"about":[{"href":"https:\/\/haafer.com\/site\/wp-json\/wp\/v2\/types\/product"}],"replies":[{"embeddable":true,"href":"https:\/\/haafer.com\/site\/wp-json\/wp\/v2\/comments?post=5611"}],"wp:featuredmedia":[{"embeddable":true,"href":"https:\/\/haafer.com\/site\/wp-json\/wp\/v2\/media\/5616"}],"wp:attachment":[{"href":"https:\/\/haafer.com\/site\/wp-json\/wp\/v2\/media?parent=5611"}],"wp:term":[{"taxonomy":"product_brand","embeddable":true,"href":"https:\/\/haafer.com\/site\/wp-json\/wp\/v2\/product_brand?post=5611"},{"taxonomy":"product_cat","embeddable":true,"href":"https:\/\/haafer.com\/site\/wp-json\/wp\/v2\/product_cat?post=5611"},{"taxonomy":"product_tag","embeddable":true,"href":"https:\/\/haafer.com\/site\/wp-json\/wp\/v2\/product_tag?post=5611"}],"curies":[{"name":"wp","href":"https:\/\/api.w.org\/{rel}","templated":true}]}}