{"id":5613,"date":"2023-05-29T21:00:43","date_gmt":"2023-05-30T00:00:43","guid":{"rendered":"https:\/\/haafer.com\/site\/?post_type=product&#038;p=5613"},"modified":"2025-11-30T11:52:13","modified_gmt":"2025-11-30T14:52:13","slug":"vaso-trainer-cup-pinguino-rosa","status":"publish","type":"product","link":"https:\/\/haafer.com\/site\/producto\/vaso-trainer-cup-pinguino-rosa\/","title":{"rendered":"Vaso Trainer Cup Ping\u00fcino Rosa"},"content":{"rendered":"<p>Nuk Evolution Trainer Cup:<br \/>\nUn gran aliado para padres que buscan una opci\u00f3n segura y f\u00e1cil de usar para su beb\u00e9<\/p>\n<p>El vaso perfecto para la transici\u00f3n<br \/>\nSi su beb\u00e9 est\u00e1 listo para pasar de la alimentaci\u00f3n con mamadera a la taza, el Vaso Nuk Evolution Trainer Cup es la soluci\u00f3n ideal. Con una capacidad de 230 ml, es el tama\u00f1o perfecto para los peque\u00f1os de +6 meses. Las asas permiten un agarre c\u00f3modo y f\u00e1cil para los beb\u00e9s, mientras que la boquilla de silicona suave y a prueba de fugas garantiza que el l\u00edquido se mantenga en el vaso y no en la ropa o el suelo. Este vaso de transici\u00f3n es una excelente manera de ayudar a su beb\u00e9 a desarrollar habilidades motoras y fomentar su independencia. \u00a1Adem\u00e1s, es libre de BPA para que pueda estar seguro de que su beb\u00e9 est\u00e1 bebiendo de forma segura!<\/p>\n<p>Vaso Nuk Evolution Trainer Cup: \u00a1La taza perfecta para la transici\u00f3n!<br \/>\nNuk Evolution Trainer Cuo; \u00a1No m\u00e1s derrames! El Vaso Nuk Evolution Trainer Cup mantiene a su beb\u00e9 limpio y seco.<br \/>\nDise\u00f1ado pensando en la comodidad de los padres<br \/>\n\u00bfCansado de tener que limpiar constantemente derrames y manchas de ropa? El Vaso Nuk Evolution Trainer Cup est\u00e1 dise\u00f1ado para minimizar la posibilidad de fugas. La boquilla de silicona suave y a prueba de fugas significa que puede estar seguro de que su beb\u00e9 no derramar\u00e1 l\u00edquido por todas partes. \u00a1Y no solo eso! El Vaso Nuk Evolution Trainer Cup es f\u00e1cil de limpiar y se puede lavar en el lavavajillas.<\/p>\n<p>Una opci\u00f3n segura y atractiva<br \/>\nEl Vaso Nuk Evolution Trainer Cup no solo es funcional, sino que tambi\u00e9n es visualmente atractivo. Disponible en varios colores brillantes y llamativos, este vaso es una excelente manera de hacer que la hora de la comida sea m\u00e1s divertida para su beb\u00e9. Adem\u00e1s, su dise\u00f1o sin BPA significa que no hay productos qu\u00edmicos nocivos que puedan da\u00f1ar a su beb\u00e9. \u00a1Con el Vaso Nuk Evolution Trainer Cup, puede estar seguro de que su beb\u00e9 est\u00e1 bebiendo de forma segura y con estilo!<\/p>\n","protected":false},"excerpt":{"rendered":"<p>Nuk Evolution Trainer Cup: Un gran aliado para padres que buscan una opci\u00f3n segura y f\u00e1cil de usar para su<\/p>\n","protected":false},"featured_media":5618,"comment_status":"open","ping_status":"closed","template":"","meta":[],"product_brand":[],"product_cat":[102,125],"product_tag":[],"class_list":{"0":"post-5613","1":"product","2":"type-product","3":"status-publish","4":"has-post-thumbnail","6":"product_cat-nuk","7":"product_cat-vasos-nuk","9":"first","10":"instock","11":"shipping-taxable","12":"purchasable","13":"product-type-simple"},"_links":{"self":[{"href":"https:\/\/haafer.com\/site\/wp-json\/wp\/v2\/product\/5613","targetHints":{"allow":["GET"]}}],"collection":[{"href":"https:\/\/haafer.com\/site\/wp-json\/wp\/v2\/product"}],"about":[{"href":"https:\/\/haafer.com\/site\/wp-json\/wp\/v2\/types\/product"}],"replies":[{"embeddable":true,"href":"https:\/\/haafer.com\/site\/wp-json\/wp\/v2\/comments?post=5613"}],"wp:featuredmedia":[{"embeddable":true,"href":"https:\/\/haafer.com\/site\/wp-json\/wp\/v2\/media\/5618"}],"wp:attachment":[{"href":"https:\/\/haafer.com\/site\/wp-json\/wp\/v2\/media?parent=5613"}],"wp:term":[{"taxonomy":"product_brand","embeddable":true,"href":"https:\/\/haafer.com\/site\/wp-json\/wp\/v2\/product_brand?post=5613"},{"taxonomy":"product_cat","embeddable":true,"href":"https:\/\/haafer.com\/site\/wp-json\/wp\/v2\/product_cat?post=5613"},{"taxonomy":"product_tag","embeddable":true,"href":"https:\/\/haafer.com\/site\/wp-json\/wp\/v2\/product_tag?post=5613"}],"curies":[{"name":"wp","href":"https:\/\/api.w.org\/{rel}","templated":true}]}}