{"id":5647,"date":"2024-08-01T14:35:05","date_gmt":"2024-08-01T17:35:05","guid":{"rendered":"https:\/\/haafer.com\/site\/?post_type=product&#038;p=5647"},"modified":"2024-12-18T14:30:11","modified_gmt":"2024-12-18T17:30:11","slug":"set-de-mamaderas-natural-response-philips-avent-125-260-330ml","status":"publish","type":"product","link":"https:\/\/haafer.com\/site\/producto\/set-de-mamaderas-natural-response-philips-avent-125-260-330ml\/","title":{"rendered":"Set de Mamaderas Natural Response Philips Avent 125, 260, 330ml"},"content":{"rendered":"<p>Philips Avent Natural Response<\/p>\n<p>Set de regalo para reci\u00e9n nacidos SCD837\/12<\/p>\n<p>Este set de regalo para reci\u00e9n nacidos es el inicio perfecto para la alimentaci\u00f3n y calmar a su beb\u00e9. Con la tetina de respuesta natural, los beb\u00e9s pueden alimentarse a su propio ritmo como en el pecho, lo que facilita la combinaci\u00f3n de la lactancia materna y el biber\u00f3n.<\/p>\n<p>Apoya el ritmo de alimentaci\u00f3n de cada beb\u00e9. | Una tetina que funciona como un pecho, 3 biberones, Cepillo para biberones.<\/p>\n<p>La tetina de respuesta natural coopera con el ritmo de alimentaci\u00f3n natural del beb\u00e9, lo que permite combinar la lactancia materna y la alimentaci\u00f3n con biber\u00f3n con facilidad. La tetina tiene una abertura \u00fanica que solo libera leche cuando el beb\u00e9 traga de forma activa. Por lo tanto, cuando hace una pausa para tragar y respirar, el flujo de leche tambi\u00e9n se detiene.<\/p>\n<p>Sujeci\u00f3n natural con tetina en forma de pecho. | La tetina ancha, suave y flexible est\u00e1 dise\u00f1ada para imitar la forma y la sensaci\u00f3n de un pecho, lo que ayuda a que el beb\u00e9 se sujete de forma natural y se alimente c\u00f3modamente.<\/p>\n<p>Dise\u00f1ado para reducir c\u00f3licos y malestares. | La v\u00e1lvula antic\u00f3licos est\u00e1 dise\u00f1ada para mantener el aire alejado de la pancita del beb\u00e9 durante la alimentaci\u00f3n, a fin de ayudar a reducir los c\u00f3licos y los malestares.<\/p>\n<p>El dise\u00f1o de la tetina antigoteo evita derrames y la p\u00e9rdida de leche. | La abertura de la tetina est\u00e1 dise\u00f1ada para liberar leche solo cuando el beb\u00e9 se est\u00e1 alimentando. Puede evitar la p\u00e9rdida de leche con confianza, ya sea en casa o cuando viaja.<\/p>\n<p>F\u00e1cil de usar, sencillo de limpiar y r\u00e1pido de montar. | El cuello ancho del biber\u00f3n facilita el llenado y la limpieza. Solo son necesarias algunas piezas para un armado r\u00e1pido y sencillo.<\/p>\n<p>F\u00e1cil de sostener incluso para las manos peque\u00f1as. | El biber\u00f3n ergon\u00f3mico es f\u00e1cil de sostener a cualquier \u00e1ngulo y proporciona la m\u00e1xima comodidad durante la alimentaci\u00f3n. Tanto sus manos como las del beb\u00e9 no tendr\u00e1n problemas para agarrarlo.<\/p>\n<p>El cepillo para biberones con cabezal curvo permite una limpieza f\u00e1cil. | El cabezal de cepillado curvo y la punta moldeada del mango permiten una limpieza a fondo porque llega a los rincones de todos los biberones de cuello ancho, tetinas y productos de lactancia*.<\/p>\n<p>Compatible con toda la l\u00ednea Philips Avent. | Mezcle y combine nuestras piezas de extractores de leche, biberones y vasos, y cree el producto ideal para usted cuando lo necesite.<\/p>\n<p>Las tetinas y los biberones de respuesta natural son libres de BPA*. | Los nuevos biberones y tetinas de respuesta natural de Philips Avent est\u00e1n fabricados con materiales libres de BPA*.<\/p>\n<p>Elija el flujo de tetina adecuado para su beb\u00e9. | Cada beb\u00e9 se alimenta de manera diferente y se desarrolla a su propio ritmo. Dise\u00f1amos toda una variedad de flujos, por lo que podr\u00e1 encontrar el perfecto para su beb\u00e9 y, as\u00ed, personalizar su biber\u00f3n. Todas las tetinas de respuesta natural est\u00e1n hechas de silicona suave.<\/p>\n<p>Tenga paciencia mientras el beb\u00e9 se acostumbra. | Nuestros nuevos biberones de respuesta natural son diferentes de los biberones con flujo sin regulaci\u00f3n. Como con la lactancia materna, podr\u00eda necesitar un par de intentos para que resulte de forma adecuada. Eso es perfectamente natural.<\/p>\n","protected":false},"excerpt":{"rendered":"<p>Philips Avent Natural Response Set de regalo para reci\u00e9n nacidos SCD837\/12 Este set de regalo para reci\u00e9n nacidos es el<\/p>\n","protected":false},"featured_media":5657,"comment_status":"open","ping_status":"closed","template":"","meta":[],"product_brand":[],"product_cat":[72,60,100],"product_tag":[],"class_list":{"0":"post-5647","1":"product","2":"type-product","3":"status-publish","4":"has-post-thumbnail","6":"product_cat-conjuntos-de-mamaderas","7":"product_cat-mamaderas-tetinas","8":"product_cat-philips-avent","10":"first","11":"instock","12":"shipping-taxable","13":"purchasable","14":"product-type-simple"},"_links":{"self":[{"href":"https:\/\/haafer.com\/site\/wp-json\/wp\/v2\/product\/5647","targetHints":{"allow":["GET"]}}],"collection":[{"href":"https:\/\/haafer.com\/site\/wp-json\/wp\/v2\/product"}],"about":[{"href":"https:\/\/haafer.com\/site\/wp-json\/wp\/v2\/types\/product"}],"replies":[{"embeddable":true,"href":"https:\/\/haafer.com\/site\/wp-json\/wp\/v2\/comments?post=5647"}],"wp:featuredmedia":[{"embeddable":true,"href":"https:\/\/haafer.com\/site\/wp-json\/wp\/v2\/media\/5657"}],"wp:attachment":[{"href":"https:\/\/haafer.com\/site\/wp-json\/wp\/v2\/media?parent=5647"}],"wp:term":[{"taxonomy":"product_brand","embeddable":true,"href":"https:\/\/haafer.com\/site\/wp-json\/wp\/v2\/product_brand?post=5647"},{"taxonomy":"product_cat","embeddable":true,"href":"https:\/\/haafer.com\/site\/wp-json\/wp\/v2\/product_cat?post=5647"},{"taxonomy":"product_tag","embeddable":true,"href":"https:\/\/haafer.com\/site\/wp-json\/wp\/v2\/product_tag?post=5647"}],"curies":[{"name":"wp","href":"https:\/\/api.w.org\/{rel}","templated":true}]}}