{"id":5648,"date":"2024-08-01T14:35:05","date_gmt":"2024-08-01T17:35:05","guid":{"rendered":"https:\/\/haafer.com\/site\/?post_type=product&#038;p=5648"},"modified":"2024-12-18T14:30:31","modified_gmt":"2024-12-18T17:30:31","slug":"set-de-mamaderas-natural-response-philips-avent-2x-125ml-y-2-x-260ml","status":"publish","type":"product","link":"https:\/\/haafer.com\/site\/producto\/set-de-mamaderas-natural-response-philips-avent-2x-125ml-y-2-x-260ml\/","title":{"rendered":"Set de Mamaderas Natural Response Philips Avent 2x 125ml y 2 x 260ml"},"content":{"rendered":"<p>Philips Avent Natural Response<\/p>\n<p>Pack 4 biberones, chupete, cepillo SCD838\/11, Una tetina que funciona como un pecho.<\/p>\n<p>La tetina libera leche cuando el beb\u00e9 succiona activamente, enganche natural con tetina en forma de pecho. | Dise\u00f1ado para reducir los c\u00f3licos y las molestias El dise\u00f1o antigoteo de la tetina evita derrames y p\u00e9rdidas de leche.<\/p>\n<p>Mantiene el ritmo de succi\u00f3n individual del beb\u00e9. | Este kit de regalo para reci\u00e9n nacidos es la forma ideal para alimentar al beb\u00e9 y calmarlo. Con la tetina Natural Response, los beb\u00e9s pueden succionar a su propio ritmo, como con el pecho, lo que facilita la combinaci\u00f3n de la lactancia materna con el biber\u00f3n.<\/p>\n<p>La tetina Natural Response se adapta al ritmo de alimentaci\u00f3n natural del beb\u00e9, lo que facilita la combinaci\u00f3n entre lactancia materna y la alimentaci\u00f3n con biber\u00f3n. La tetina tiene una \u00fanica abertura que solo libera leche cuando el beb\u00e9 succiona activamente. As\u00ed que, cuando el beb\u00e9 se para a tragar y respirar, el flujo de leche tambi\u00e9n se detiene.<\/p>\n<p>La tetina ancha, suave y flexible est\u00e1 dise\u00f1ada para imitar la forma y la textura del pecho, lo que ayuda al beb\u00e9 a engancharse y a alimentarse c\u00f3modamente.<\/p>\n<p>Dise\u00f1ado para reducir los c\u00f3licos y las molestias. | La v\u00e1lvula antic\u00f3licos se ha dise\u00f1ado para reducir la ingestia de aire de la barriguita del beb\u00e9 durante la alimentaci\u00f3n, ayudando a reducir los c\u00f3licos.<\/p>\n<p>El dise\u00f1o antigoteo de la tetina evita derrames y p\u00e9rdidas de leche. | La abertura de la tetina est\u00e1 dise\u00f1ada para liberar leche solo cuando el beb\u00e9 est\u00e9 succionando. De este modo, se puede evitar la p\u00e9rdida de leche, en cualquier lugar.<\/p>\n<p>Cada beb\u00e9 se alimenta de forma diferente y se desarrolla a su propio ritmo. Hemos dise\u00f1ado una amplia gama de flujos para que puedas encontrar el m\u00e1s adecuado para tu beb\u00e9 y personalizar el biber\u00f3n. Todas las tetinas Natural Response est\u00e1n hechas de silicona suave.<\/p>\n<p>F\u00e1cil de usar, limpiar y r\u00e1pido de montar. | El cuello ancho del biber\u00f3n facilita el llenado y la limpieza. El n\u00famero de piezas se ha reducido para disfrutar de un montaje r\u00e1pido y sencillo.<\/p>\n<p>F\u00e1cil de agarrar incluso con manitas peque\u00f1as. | El biber\u00f3n ergon\u00f3mico es f\u00e1cil de sujetar en cualquier \u00e1ngulo para ofrecer la m\u00e1xima comodidad durante la alimentaci\u00f3n. F\u00e1cil agarrar tanto con tus manos como con las manos peque\u00f1itas de tu beb\u00e9.<\/p>\n<p>Chupete ultra soft para la piel sensible de tu beb\u00e9. | El escudo suave y flexible del chupete sigue la forma de las mejillas del beb\u00e9, por lo que deja menos marcas e irrita menos la piel para una mayor tranquilidad y comodidad.*<\/p>\n<p>Cepillo para biberones con cabezal curvado para una limpieza f\u00e1cil. | Escobilla especialmente curvada con la punta del mango moldeada, llega a todos los rincones de todos los biberones de cuello ancho, tetinas y productos de alimentaci\u00f3n para una limpieza a fondo.*<\/p>\n<p>Compatible con toda la gama Philips Avent. | Combina las piezas de nuestros extractores de leche, biberones y vasos. Crea el producto ideal para ti, siempre que lo necesites.<\/p>\n<p>Las tetinas y los biberones Philips Avent est\u00e1n fabricados con material sin BPA*.<\/p>\n<p>Ser paciente mientras el beb\u00e9 se ajusta. | Nuestros nuevos biberones Natural Response son diferentes de los biberones de flujo libre. Al igual que la lactancia materna, tu beb\u00e9 podr\u00e1 llevar alg\u00fan tiempo hasta aprender a hacerlo bien. Es totalmente normal y natural.<\/p>\n","protected":false},"excerpt":{"rendered":"<p>Philips Avent Natural Response Pack 4 biberones, chupete, cepillo SCD838\/11, Una tetina que funciona como un pecho. La tetina libera<\/p>\n","protected":false},"featured_media":5658,"comment_status":"open","ping_status":"closed","template":"","meta":[],"product_brand":[],"product_cat":[72,60,100],"product_tag":[],"class_list":{"0":"post-5648","1":"product","2":"type-product","3":"status-publish","4":"has-post-thumbnail","6":"product_cat-conjuntos-de-mamaderas","7":"product_cat-mamaderas-tetinas","8":"product_cat-philips-avent","10":"first","11":"instock","12":"shipping-taxable","13":"purchasable","14":"product-type-simple"},"_links":{"self":[{"href":"https:\/\/haafer.com\/site\/wp-json\/wp\/v2\/product\/5648","targetHints":{"allow":["GET"]}}],"collection":[{"href":"https:\/\/haafer.com\/site\/wp-json\/wp\/v2\/product"}],"about":[{"href":"https:\/\/haafer.com\/site\/wp-json\/wp\/v2\/types\/product"}],"replies":[{"embeddable":true,"href":"https:\/\/haafer.com\/site\/wp-json\/wp\/v2\/comments?post=5648"}],"wp:featuredmedia":[{"embeddable":true,"href":"https:\/\/haafer.com\/site\/wp-json\/wp\/v2\/media\/5658"}],"wp:attachment":[{"href":"https:\/\/haafer.com\/site\/wp-json\/wp\/v2\/media?parent=5648"}],"wp:term":[{"taxonomy":"product_brand","embeddable":true,"href":"https:\/\/haafer.com\/site\/wp-json\/wp\/v2\/product_brand?post=5648"},{"taxonomy":"product_cat","embeddable":true,"href":"https:\/\/haafer.com\/site\/wp-json\/wp\/v2\/product_cat?post=5648"},{"taxonomy":"product_tag","embeddable":true,"href":"https:\/\/haafer.com\/site\/wp-json\/wp\/v2\/product_tag?post=5648"}],"curies":[{"name":"wp","href":"https:\/\/api.w.org\/{rel}","templated":true}]}}