{"id":5652,"date":"2024-08-01T14:35:06","date_gmt":"2024-08-01T17:35:06","guid":{"rendered":"https:\/\/haafer.com\/site\/?post_type=product&#038;p=5652"},"modified":"2025-03-30T18:17:18","modified_gmt":"2025-03-30T21:17:18","slug":"chupete-philips-avent-ultra-air-6-18m-x2-2","status":"publish","type":"product","link":"https:\/\/haafer.com\/site\/producto\/chupete-philips-avent-ultra-air-6-18m-x2-2\/","title":{"rendered":"Chupete Philips Avent Ultra Air 6-18M x2"},"content":{"rendered":"<p>Permite que la piel de su beb\u00e9 respire<br \/>\nOrificios de aire extragrandes para una relajaci\u00f3n m\u00e1s c\u00f3moda<br \/>\nTranquilidad con la comodidad del aire. El chupete ultra air de Philips Avent tiene orificios de aire extragrandes para mantener seca la piel de su beb\u00e9. Disponible en varios colores y dise\u00f1os.<\/p>\n<p>Permite que la piel de su beb\u00e9 respire<br \/>\nAnat\u00f3micos y sin BPA<br \/>\nPaquete de 2<br \/>\n6 a 18 meses<\/p>\n","protected":false},"excerpt":{"rendered":"<p>Permite que la piel de su beb\u00e9 respire Orificios de aire extragrandes para una relajaci\u00f3n m\u00e1s c\u00f3moda Tranquilidad con la<\/p>\n","protected":false},"featured_media":5662,"comment_status":"open","ping_status":"closed","template":"","meta":[],"product_brand":[],"product_cat":[114,113,100],"product_tag":[],"class_list":{"0":"post-5652","1":"product","2":"type-product","3":"status-publish","4":"has-post-thumbnail","6":"product_cat-chupetes","7":"product_cat-chupetes-y-mordillos","8":"product_cat-philips-avent","10":"first","11":"outofstock","12":"shipping-taxable","13":"purchasable","14":"product-type-simple"},"_links":{"self":[{"href":"https:\/\/haafer.com\/site\/wp-json\/wp\/v2\/product\/5652","targetHints":{"allow":["GET"]}}],"collection":[{"href":"https:\/\/haafer.com\/site\/wp-json\/wp\/v2\/product"}],"about":[{"href":"https:\/\/haafer.com\/site\/wp-json\/wp\/v2\/types\/product"}],"replies":[{"embeddable":true,"href":"https:\/\/haafer.com\/site\/wp-json\/wp\/v2\/comments?post=5652"}],"wp:featuredmedia":[{"embeddable":true,"href":"https:\/\/haafer.com\/site\/wp-json\/wp\/v2\/media\/5662"}],"wp:attachment":[{"href":"https:\/\/haafer.com\/site\/wp-json\/wp\/v2\/media?parent=5652"}],"wp:term":[{"taxonomy":"product_brand","embeddable":true,"href":"https:\/\/haafer.com\/site\/wp-json\/wp\/v2\/product_brand?post=5652"},{"taxonomy":"product_cat","embeddable":true,"href":"https:\/\/haafer.com\/site\/wp-json\/wp\/v2\/product_cat?post=5652"},{"taxonomy":"product_tag","embeddable":true,"href":"https:\/\/haafer.com\/site\/wp-json\/wp\/v2\/product_tag?post=5652"}],"curies":[{"name":"wp","href":"https:\/\/api.w.org\/{rel}","templated":true}]}}