{"id":5670,"date":"2024-08-01T15:01:09","date_gmt":"2024-08-01T18:01:09","guid":{"rendered":"https:\/\/haafer.com\/site\/?post_type=product&#038;p=5670"},"modified":"2025-11-22T10:25:45","modified_gmt":"2025-11-22T13:25:45","slug":"chupete-philips-avent-ultra-air-scf086-76-6-18-m","status":"publish","type":"product","link":"https:\/\/haafer.com\/site\/producto\/chupete-philips-avent-ultra-air-scf086-76-6-18-m\/","title":{"rendered":"Chupete Philips Avent Ultra Air Scf086\/76 6-18 M"},"content":{"rendered":"<p>Permite que la piel de su beb\u00e9 respire<br \/>\nOrificios de aire extragrandes para una relajaci\u00f3n m\u00e1s c\u00f3moda<br \/>\nTranquilidad con la comodidad del aire. El chupete ultra air de Philips Avent tiene orificios de aire extragrandes para mantener seca la piel de su beb\u00e9. Disponible en varios colores y dise\u00f1os.<\/p>\n<p>Permite que la piel de su beb\u00e9 respire<br \/>\nAnat\u00f3micos y sin BPA<br \/>\nPaquete de 1<br \/>\n6 a 18 meses<\/p>\n","protected":false},"excerpt":{"rendered":"<p>Permite que la piel de su beb\u00e9 respire Orificios de aire extragrandes para una relajaci\u00f3n m\u00e1s c\u00f3moda Tranquilidad con la<\/p>\n","protected":false},"featured_media":5680,"comment_status":"open","ping_status":"closed","template":"","meta":[],"product_brand":[],"product_cat":[114,113,100],"product_tag":[],"class_list":{"0":"post-5670","1":"product","2":"type-product","3":"status-publish","4":"has-post-thumbnail","6":"product_cat-chupetes","7":"product_cat-chupetes-y-mordillos","8":"product_cat-philips-avent","10":"first","11":"outofstock","12":"shipping-taxable","13":"purchasable","14":"product-type-simple"},"_links":{"self":[{"href":"https:\/\/haafer.com\/site\/wp-json\/wp\/v2\/product\/5670","targetHints":{"allow":["GET"]}}],"collection":[{"href":"https:\/\/haafer.com\/site\/wp-json\/wp\/v2\/product"}],"about":[{"href":"https:\/\/haafer.com\/site\/wp-json\/wp\/v2\/types\/product"}],"replies":[{"embeddable":true,"href":"https:\/\/haafer.com\/site\/wp-json\/wp\/v2\/comments?post=5670"}],"wp:featuredmedia":[{"embeddable":true,"href":"https:\/\/haafer.com\/site\/wp-json\/wp\/v2\/media\/5680"}],"wp:attachment":[{"href":"https:\/\/haafer.com\/site\/wp-json\/wp\/v2\/media?parent=5670"}],"wp:term":[{"taxonomy":"product_brand","embeddable":true,"href":"https:\/\/haafer.com\/site\/wp-json\/wp\/v2\/product_brand?post=5670"},{"taxonomy":"product_cat","embeddable":true,"href":"https:\/\/haafer.com\/site\/wp-json\/wp\/v2\/product_cat?post=5670"},{"taxonomy":"product_tag","embeddable":true,"href":"https:\/\/haafer.com\/site\/wp-json\/wp\/v2\/product_tag?post=5670"}],"curies":[{"name":"wp","href":"https:\/\/api.w.org\/{rel}","templated":true}]}}