{"id":5675,"date":"2024-08-01T15:01:12","date_gmt":"2024-08-01T18:01:12","guid":{"rendered":"https:\/\/haafer.com\/site\/?post_type=product&#038;p=5675"},"modified":"2024-12-18T14:34:14","modified_gmt":"2024-12-18T17:34:14","slug":"chupete-ultra-soft-deco-philips-avent-0-6-meses-rosa-y-blanco","status":"publish","type":"product","link":"https:\/\/haafer.com\/site\/producto\/chupete-ultra-soft-deco-philips-avent-0-6-meses-rosa-y-blanco\/","title":{"rendered":"Chupete Ultra Soft Deco Philips Avent 0-6 meses Rosa y Blanco"},"content":{"rendered":"<p>Nuestro chupete m\u00e1s suave para la piel sensible de su beb\u00e9<br \/>\nPara menos marcas e irritaci\u00f3n en la piel<br \/>\nCuide la piel sensible de su beb\u00e9 con el chupete ultrasuave de Philips Avent. El escudo suave* y flexible del chupete se adapta a las curvas de las mejillas del beb\u00e9, por lo que deja menos marcas e irrita menos la piel para una mayor tranquilidad y comodidad.<\/p>\n<p>ultra suave y flexible<br \/>\nAnat\u00f3micos y sin BPA<br \/>\nPaquete de 2<br \/>\nEntre 0 y 6 meses<\/p>\n","protected":false},"excerpt":{"rendered":"<p>Nuestro chupete m\u00e1s suave para la piel sensible de su beb\u00e9 Para menos marcas e irritaci\u00f3n en la piel Cuide<\/p>\n","protected":false},"featured_media":5685,"comment_status":"open","ping_status":"closed","template":"","meta":[],"product_brand":[],"product_cat":[114,113,100],"product_tag":[],"class_list":{"0":"post-5675","1":"product","2":"type-product","3":"status-publish","4":"has-post-thumbnail","6":"product_cat-chupetes","7":"product_cat-chupetes-y-mordillos","8":"product_cat-philips-avent","10":"first","11":"instock","12":"shipping-taxable","13":"purchasable","14":"product-type-simple"},"_links":{"self":[{"href":"https:\/\/haafer.com\/site\/wp-json\/wp\/v2\/product\/5675","targetHints":{"allow":["GET"]}}],"collection":[{"href":"https:\/\/haafer.com\/site\/wp-json\/wp\/v2\/product"}],"about":[{"href":"https:\/\/haafer.com\/site\/wp-json\/wp\/v2\/types\/product"}],"replies":[{"embeddable":true,"href":"https:\/\/haafer.com\/site\/wp-json\/wp\/v2\/comments?post=5675"}],"wp:featuredmedia":[{"embeddable":true,"href":"https:\/\/haafer.com\/site\/wp-json\/wp\/v2\/media\/5685"}],"wp:attachment":[{"href":"https:\/\/haafer.com\/site\/wp-json\/wp\/v2\/media?parent=5675"}],"wp:term":[{"taxonomy":"product_brand","embeddable":true,"href":"https:\/\/haafer.com\/site\/wp-json\/wp\/v2\/product_brand?post=5675"},{"taxonomy":"product_cat","embeddable":true,"href":"https:\/\/haafer.com\/site\/wp-json\/wp\/v2\/product_cat?post=5675"},{"taxonomy":"product_tag","embeddable":true,"href":"https:\/\/haafer.com\/site\/wp-json\/wp\/v2\/product_tag?post=5675"}],"curies":[{"name":"wp","href":"https:\/\/api.w.org\/{rel}","templated":true}]}}