{"id":5687,"date":"2024-08-01T15:23:21","date_gmt":"2024-08-01T18:23:21","guid":{"rendered":"https:\/\/haafer.com\/site\/?post_type=product&#038;p=5687"},"modified":"2025-11-22T10:24:33","modified_gmt":"2025-11-22T13:24:33","slug":"chupete-philips-avent-ultra-soft-deco-rosa-6-18-m-x-2u","status":"publish","type":"product","link":"https:\/\/haafer.com\/site\/producto\/chupete-philips-avent-ultra-soft-deco-rosa-6-18-m-x-2u\/","title":{"rendered":"Chupete Philips Avent Ultra Soft Deco Rosa 6 18 M X 2u"},"content":{"rendered":"<p>Para menos marcas e irritaci\u00f3n en la piel<br \/>\nultra suave y flexible<br \/>\nAnat\u00f3micos y sin BPA<br \/>\nPaquete de 2<br \/>\n6 a 18 meses<\/p>\n<p>Protecci\u00f3n suave y flexible<br \/>\nLa piel de los beb\u00e9s necesita un cuidado adicional. Nuestra tecnolog\u00eda de protecci\u00f3n permite que este chupete siga las curvas naturales de la cara del beb\u00e9. El peque\u00f1o tendr\u00e1 menos marcas en la piel y menos irritaci\u00f3n en sus mejillas.<\/p>\n<p>Protector redondeado<br \/>\nNuestro protector redondeado minimiza la presi\u00f3n en las mejillas del beb\u00e9 para lograr una mayor suavidad en la piel.<\/p>\n<p>Tetina totalmente hecha de silicona apta para alimentos<br \/>\nElegimos conscientemente un material de silicona para nuestras tetinas ultra soft y ultra air, ya que es un material seguro e inerte ampliamente utilizado en aplicaciones m\u00e9dicas y libre de sustancias qu\u00edmicas peligrosas, sustancias activas endocrinas (p. ej., BPA) y al\u00e9rgenos.<\/p>\n<p>Desarrollo bucal natural<br \/>\nNuestras tetinas de silicona suave sim\u00e9tricas y anat\u00f3micas est\u00e1n dise\u00f1adas para un desarrollo bucal natural.<\/p>\n<p>Sensaci\u00f3n natural para el beb\u00e9<br \/>\nNuestra tetina de silicona texturizada est\u00e1 dise\u00f1ada para imitar el tacto del pecho materno.<\/p>\n<p>Esteril\u00edcelo c\u00f3modamente en 3 minutos<br \/>\nLa funda de viaje que se incluye con nuestros chupetes ultra soft y ultra air tambi\u00e9n sirve como esterilizador. Todo lo que debe hacer es agregar agua y colocarla en el microondas. Luego, estar\u00e1n limpios para su pr\u00f3ximo uso.<\/p>\n<p>Dise\u00f1ado y producido en los Pa\u00edses Bajos<br \/>\nNuestros chupetes ultra soft y ultra air se dise\u00f1an y producen en los Pa\u00edses Bajos.<\/p>\n<p>Especificaciones t\u00e9cnicas<br \/>\nQu\u00e9 se incluye<br \/>\nchupete ultra soft<br \/>\n2 piezas<\/p>\n","protected":false},"excerpt":{"rendered":"<p>Para menos marcas e irritaci\u00f3n en la piel ultra suave y flexible Anat\u00f3micos y sin BPA Paquete de 2 6<\/p>\n","protected":false},"featured_media":5697,"comment_status":"open","ping_status":"closed","template":"","meta":[],"product_brand":[],"product_cat":[114,113,100],"product_tag":[],"class_list":{"0":"post-5687","1":"product","2":"type-product","3":"status-publish","4":"has-post-thumbnail","6":"product_cat-chupetes","7":"product_cat-chupetes-y-mordillos","8":"product_cat-philips-avent","10":"first","11":"instock","12":"sale","13":"shipping-taxable","14":"purchasable","15":"product-type-simple"},"_links":{"self":[{"href":"https:\/\/haafer.com\/site\/wp-json\/wp\/v2\/product\/5687","targetHints":{"allow":["GET"]}}],"collection":[{"href":"https:\/\/haafer.com\/site\/wp-json\/wp\/v2\/product"}],"about":[{"href":"https:\/\/haafer.com\/site\/wp-json\/wp\/v2\/types\/product"}],"replies":[{"embeddable":true,"href":"https:\/\/haafer.com\/site\/wp-json\/wp\/v2\/comments?post=5687"}],"wp:featuredmedia":[{"embeddable":true,"href":"https:\/\/haafer.com\/site\/wp-json\/wp\/v2\/media\/5697"}],"wp:attachment":[{"href":"https:\/\/haafer.com\/site\/wp-json\/wp\/v2\/media?parent=5687"}],"wp:term":[{"taxonomy":"product_brand","embeddable":true,"href":"https:\/\/haafer.com\/site\/wp-json\/wp\/v2\/product_brand?post=5687"},{"taxonomy":"product_cat","embeddable":true,"href":"https:\/\/haafer.com\/site\/wp-json\/wp\/v2\/product_cat?post=5687"},{"taxonomy":"product_tag","embeddable":true,"href":"https:\/\/haafer.com\/site\/wp-json\/wp\/v2\/product_tag?post=5687"}],"curies":[{"name":"wp","href":"https:\/\/api.w.org\/{rel}","templated":true}]}}