{"id":5688,"date":"2024-08-01T15:23:22","date_gmt":"2024-08-01T18:23:22","guid":{"rendered":"https:\/\/haafer.com\/site\/?post_type=product&#038;p=5688"},"modified":"2025-06-02T11:20:30","modified_gmt":"2025-06-02T14:20:30","slug":"extractor-de-leche-electrico-philips-avent","status":"publish","type":"product","link":"https:\/\/haafer.com\/site\/producto\/extractor-de-leche-electrico-philips-avent\/","title":{"rendered":"Extractor De Leche El\u00e9ctrico Philips Avent"},"content":{"rendered":"<p>Un extractor simple y completo<br \/>\nR\u00e1pido y c\u00f3modo, a las mam\u00e1s les encanta<br \/>\nDescubra una nueva era de expresi\u00f3n con el extractor de leche el\u00e9ctrico Philips Avent. Brinda un equilibrio perfecto entre succi\u00f3n y estimulaci\u00f3n del pez\u00f3n, inspirado en el ritmo de alimentaci\u00f3n de los beb\u00e9s, y su suave almohadilla se adapta suavemente al tama\u00f1o y la forma del pez\u00f3n. Consulte m\u00e1s detalles a continuaci\u00f3n.<\/p>\n<p>El\u00e9ctrico simple<br \/>\nTecnolog\u00eda de movimiento natural<br \/>\nC\u00f3moda almohadilla de silicona<br \/>\n8 + 16 ajustes<\/p>\n","protected":false},"excerpt":{"rendered":"<p>Un extractor simple y completo R\u00e1pido y c\u00f3modo, a las mam\u00e1s les encanta Descubra una nueva era de expresi\u00f3n con<\/p>\n","protected":false},"featured_media":5698,"comment_status":"open","ping_status":"closed","template":"","meta":[],"product_brand":[],"product_cat":[78,77,100],"product_tag":[],"class_list":{"0":"post-5688","1":"product","2":"type-product","3":"status-publish","4":"has-post-thumbnail","6":"product_cat-extractores-de-leche","7":"product_cat-extractores-y-cuidado-de-las-mamas","8":"product_cat-philips-avent","10":"first","11":"outofstock","12":"shipping-taxable","13":"purchasable","14":"product-type-simple"},"_links":{"self":[{"href":"https:\/\/haafer.com\/site\/wp-json\/wp\/v2\/product\/5688","targetHints":{"allow":["GET"]}}],"collection":[{"href":"https:\/\/haafer.com\/site\/wp-json\/wp\/v2\/product"}],"about":[{"href":"https:\/\/haafer.com\/site\/wp-json\/wp\/v2\/types\/product"}],"replies":[{"embeddable":true,"href":"https:\/\/haafer.com\/site\/wp-json\/wp\/v2\/comments?post=5688"}],"wp:featuredmedia":[{"embeddable":true,"href":"https:\/\/haafer.com\/site\/wp-json\/wp\/v2\/media\/5698"}],"wp:attachment":[{"href":"https:\/\/haafer.com\/site\/wp-json\/wp\/v2\/media?parent=5688"}],"wp:term":[{"taxonomy":"product_brand","embeddable":true,"href":"https:\/\/haafer.com\/site\/wp-json\/wp\/v2\/product_brand?post=5688"},{"taxonomy":"product_cat","embeddable":true,"href":"https:\/\/haafer.com\/site\/wp-json\/wp\/v2\/product_cat?post=5688"},{"taxonomy":"product_tag","embeddable":true,"href":"https:\/\/haafer.com\/site\/wp-json\/wp\/v2\/product_tag?post=5688"}],"curies":[{"name":"wp","href":"https:\/\/api.w.org\/{rel}","templated":true}]}}