{"id":5689,"date":"2024-08-01T15:23:22","date_gmt":"2024-08-01T18:23:22","guid":{"rendered":"https:\/\/haafer.com\/site\/?post_type=product&#038;p=5689"},"modified":"2025-06-02T11:20:50","modified_gmt":"2025-06-02T14:20:50","slug":"extractor-de-leche-manual-philips-avent","status":"publish","type":"product","link":"https:\/\/haafer.com\/site\/producto\/extractor-de-leche-manual-philips-avent\/","title":{"rendered":"Extractor De Leche Manual Philips Avent"},"content":{"rendered":"<p>Extracci\u00f3n c\u00f3moda, dondequiera que vaya<br \/>\nLa tecnolog\u00eda de movimiento natural permite un flujo de leche m\u00e1s r\u00e1pido.<br \/>\nDisfrut\u00e1 de la comodidad suave del sacaleches manual port\u00e1til Philips Avent. La tecnolog\u00eda de movimiento natural est\u00e1 inspirada en la succi\u00f3n propia del beb\u00e9 para tener una bajada r\u00e1pida. Puede configurar f\u00e1cilmente el ritmo y la aspiraci\u00f3n. Se adapta pr\u00e1cticamente a todos los pezones.<\/p>\n<p>Extracci\u00f3n f\u00e1cil<\/p>\n","protected":false},"excerpt":{"rendered":"<p>Extracci\u00f3n c\u00f3moda, dondequiera que vaya La tecnolog\u00eda de movimiento natural permite un flujo de leche m\u00e1s r\u00e1pido. Disfrut\u00e1 de la<\/p>\n","protected":false},"featured_media":5699,"comment_status":"open","ping_status":"closed","template":"","meta":[],"product_brand":[],"product_cat":[78,77,100],"product_tag":[],"class_list":{"0":"post-5689","1":"product","2":"type-product","3":"status-publish","4":"has-post-thumbnail","6":"product_cat-extractores-de-leche","7":"product_cat-extractores-y-cuidado-de-las-mamas","8":"product_cat-philips-avent","10":"first","11":"outofstock","12":"shipping-taxable","13":"purchasable","14":"product-type-simple"},"_links":{"self":[{"href":"https:\/\/haafer.com\/site\/wp-json\/wp\/v2\/product\/5689","targetHints":{"allow":["GET"]}}],"collection":[{"href":"https:\/\/haafer.com\/site\/wp-json\/wp\/v2\/product"}],"about":[{"href":"https:\/\/haafer.com\/site\/wp-json\/wp\/v2\/types\/product"}],"replies":[{"embeddable":true,"href":"https:\/\/haafer.com\/site\/wp-json\/wp\/v2\/comments?post=5689"}],"wp:featuredmedia":[{"embeddable":true,"href":"https:\/\/haafer.com\/site\/wp-json\/wp\/v2\/media\/5699"}],"wp:attachment":[{"href":"https:\/\/haafer.com\/site\/wp-json\/wp\/v2\/media?parent=5689"}],"wp:term":[{"taxonomy":"product_brand","embeddable":true,"href":"https:\/\/haafer.com\/site\/wp-json\/wp\/v2\/product_brand?post=5689"},{"taxonomy":"product_cat","embeddable":true,"href":"https:\/\/haafer.com\/site\/wp-json\/wp\/v2\/product_cat?post=5689"},{"taxonomy":"product_tag","embeddable":true,"href":"https:\/\/haafer.com\/site\/wp-json\/wp\/v2\/product_tag?post=5689"}],"curies":[{"name":"wp","href":"https:\/\/api.w.org\/{rel}","templated":true}]}}