{"id":5707,"date":"2024-08-01T16:03:48","date_gmt":"2024-08-01T19:03:48","guid":{"rendered":"https:\/\/haafer.com\/site\/?post_type=product&#038;p=5707"},"modified":"2024-12-18T14:24:55","modified_gmt":"2024-12-18T17:24:55","slug":"tetina-anticolic-refresh-philips-avent-fluido-lento-1m","status":"publish","type":"product","link":"https:\/\/haafer.com\/site\/producto\/tetina-anticolic-refresh-philips-avent-fluido-lento-1m\/","title":{"rendered":"Tetina Anticolic Refresh Philips Avent fluido lento (1m+)"},"content":{"rendered":"<p>Philips Avent<br \/>\nTetina antic\u00f3licos<\/p>\n<p>Cl\u00ednicamente probado para reducir los c\u00f3licos y las molestias<\/p>\n<p>Nuestra tetina antic\u00f3licos Flujo lento tiene una v\u00e1lvula integrada que env\u00eda el aire lejos de la barriguita del beb\u00e9 y est\u00e1 recomendada para beb\u00e9s reci\u00e9n nacidos, de 0 meses en adelante.<br \/>\n&#8211; Flujo lento<br \/>\n&#8211; 1 m+<br \/>\n&#8211; 1 piezas<\/p>\n<p>Sistema antic\u00f3licos que ha demostrado reducir los c\u00f3licos<br \/>\nNuestra v\u00e1lvula antic\u00f3licos est\u00e1 dise\u00f1ada para mantener el aire alejado de la pancita de su beb\u00e9 para reducir los c\u00f3licos y las molestias. A medida que su beb\u00e9 se alimenta, la v\u00e1lvula integrada en la tetina se flexiona para permitir que entre aire en la mamadera para evitar la acumulaci\u00f3n de vac\u00edo y lo ventila hacia la parte posterior del biber\u00f3n.<\/p>\n<p>La forma del pez\u00f3n y la textura acanalada evitan el colapso.<br \/>\nLa forma de la tetina permite un agarre seguro y la textura acanalada ayuda a evitar el colapso para una alimentaci\u00f3n c\u00f3moda e ininterrumpida.<\/p>\n<p>Forma de pez\u00f3n dise\u00f1ada para un cierre seguro<br \/>\nLa tetina est\u00e1 dise\u00f1ada para no colapsar, para un agarre seguro y una alimentaci\u00f3n ininterrumpida.<\/p>\n<p>Gama compatible desde la lactancia materna hasta la taza.<br \/>\n\u00a1Mezcle y combine nuestras piezas para extractores de leche, biberones y vasos, y cree el producto que funcione para usted, cuando lo necesite!<\/p>\n<p>Hay una variedad de caudales disponibles para su beb\u00e9 en crecimiento.<br \/>\nLas tetinas antic\u00f3licos de Philips Avent est\u00e1n disponibles en diferentes caudales para seguir el ritmo del crecimiento de tu beb\u00e9. Recomendamos sustituir las tetinas cada 3 meses por motivos de higiene. Utilice biberones antic\u00f3licos Philips Avent solo con tetinas antic\u00f3licos Philips Avent.<\/p>\n<p>Esta tetina no contiene BPA<br \/>\nLa tetina antic\u00f3licos de Philips Avent est\u00e1 fabricada con material libre de BPA (silicona).<\/p>\n<p>Compatible con la gama Anti-c\u00f3licos<br \/>\nCompatibilidad total con el biber\u00f3n antic\u00f3licos Philips Avent con o sin ventilaci\u00f3n AirFree.<\/p>\n","protected":false},"excerpt":{"rendered":"<p>Philips Avent Tetina antic\u00f3licos Cl\u00ednicamente probado para reducir los c\u00f3licos y las molestias Nuestra tetina antic\u00f3licos Flujo lento tiene una<\/p>\n","protected":false},"featured_media":5717,"comment_status":"open","ping_status":"closed","template":"","meta":[],"product_brand":[],"product_cat":[60,100,73],"product_tag":[],"class_list":{"0":"post-5707","1":"product","2":"type-product","3":"status-publish","4":"has-post-thumbnail","6":"product_cat-mamaderas-tetinas","7":"product_cat-philips-avent","8":"product_cat-tetinas-para-mamaderas","10":"first","11":"instock","12":"shipping-taxable","13":"purchasable","14":"product-type-simple"},"_links":{"self":[{"href":"https:\/\/haafer.com\/site\/wp-json\/wp\/v2\/product\/5707","targetHints":{"allow":["GET"]}}],"collection":[{"href":"https:\/\/haafer.com\/site\/wp-json\/wp\/v2\/product"}],"about":[{"href":"https:\/\/haafer.com\/site\/wp-json\/wp\/v2\/types\/product"}],"replies":[{"embeddable":true,"href":"https:\/\/haafer.com\/site\/wp-json\/wp\/v2\/comments?post=5707"}],"wp:featuredmedia":[{"embeddable":true,"href":"https:\/\/haafer.com\/site\/wp-json\/wp\/v2\/media\/5717"}],"wp:attachment":[{"href":"https:\/\/haafer.com\/site\/wp-json\/wp\/v2\/media?parent=5707"}],"wp:term":[{"taxonomy":"product_brand","embeddable":true,"href":"https:\/\/haafer.com\/site\/wp-json\/wp\/v2\/product_brand?post=5707"},{"taxonomy":"product_cat","embeddable":true,"href":"https:\/\/haafer.com\/site\/wp-json\/wp\/v2\/product_cat?post=5707"},{"taxonomy":"product_tag","embeddable":true,"href":"https:\/\/haafer.com\/site\/wp-json\/wp\/v2\/product_tag?post=5707"}],"curies":[{"name":"wp","href":"https:\/\/api.w.org\/{rel}","templated":true}]}}