{"id":5715,"date":"2024-08-01T16:03:50","date_gmt":"2024-08-01T19:03:50","guid":{"rendered":"https:\/\/haafer.com\/site\/?post_type=product&#038;p=5715"},"modified":"2024-12-18T14:29:34","modified_gmt":"2024-12-18T17:29:34","slug":"mamaderas-natural-response-philips-avent-260ml-x2","status":"publish","type":"product","link":"https:\/\/haafer.com\/site\/producto\/mamaderas-natural-response-philips-avent-260ml-x2\/","title":{"rendered":"Mamaderas Natural Response Philips Avent 260ml x2"},"content":{"rendered":"<p>Apoya el ritmo de alimentaci\u00f3n de cada beb\u00e9<br \/>\nUna tetina que funciona como un pecho<br \/>\nLa tetina Natural Response solo libera leche cuando el beb\u00e9 se ingiere leche activamente. Los beb\u00e9s pueden alimentarse a su propio ritmo como en el pecho, lo que facilita la combinaci\u00f3n de la lactancia materna y el biber\u00f3n. Encontrar la tetina correcta es importante. Consulte m\u00e1s detalles a continuaci\u00f3n.<\/p>\n<p>2 biberones<br \/>\n260 ml<br \/>\nTetina Flow 3<br \/>\n1 m+<\/p>\n","protected":false},"excerpt":{"rendered":"<p>Apoya el ritmo de alimentaci\u00f3n de cada beb\u00e9 Una tetina que funciona como un pecho La tetina Natural Response solo<\/p>\n","protected":false},"featured_media":5726,"comment_status":"open","ping_status":"closed","template":"","meta":[],"product_brand":[],"product_cat":[69,60,100],"product_tag":[],"class_list":{"0":"post-5715","1":"product","2":"type-product","3":"status-publish","4":"has-post-thumbnail","6":"product_cat-mamaderas-natural","7":"product_cat-mamaderas-tetinas","8":"product_cat-philips-avent","10":"first","11":"instock","12":"shipping-taxable","13":"purchasable","14":"product-type-simple"},"_links":{"self":[{"href":"https:\/\/haafer.com\/site\/wp-json\/wp\/v2\/product\/5715","targetHints":{"allow":["GET"]}}],"collection":[{"href":"https:\/\/haafer.com\/site\/wp-json\/wp\/v2\/product"}],"about":[{"href":"https:\/\/haafer.com\/site\/wp-json\/wp\/v2\/types\/product"}],"replies":[{"embeddable":true,"href":"https:\/\/haafer.com\/site\/wp-json\/wp\/v2\/comments?post=5715"}],"wp:featuredmedia":[{"embeddable":true,"href":"https:\/\/haafer.com\/site\/wp-json\/wp\/v2\/media\/5726"}],"wp:attachment":[{"href":"https:\/\/haafer.com\/site\/wp-json\/wp\/v2\/media?parent=5715"}],"wp:term":[{"taxonomy":"product_brand","embeddable":true,"href":"https:\/\/haafer.com\/site\/wp-json\/wp\/v2\/product_brand?post=5715"},{"taxonomy":"product_cat","embeddable":true,"href":"https:\/\/haafer.com\/site\/wp-json\/wp\/v2\/product_cat?post=5715"},{"taxonomy":"product_tag","embeddable":true,"href":"https:\/\/haafer.com\/site\/wp-json\/wp\/v2\/product_tag?post=5715"}],"curies":[{"name":"wp","href":"https:\/\/api.w.org\/{rel}","templated":true}]}}