{"id":5736,"date":"2024-08-01T16:26:10","date_gmt":"2024-08-01T19:26:10","guid":{"rendered":"https:\/\/haafer.com\/site\/?post_type=product&#038;p=5736"},"modified":"2026-02-14T18:31:37","modified_gmt":"2026-02-14T21:31:37","slug":"aspirador-nasal-physioclean","status":"publish","type":"product","link":"https:\/\/haafer.com\/site\/producto\/aspirador-nasal-physioclean\/","title":{"rendered":"Aspirador Nasal PhysioClean"},"content":{"rendered":"<p>Producto pensado para la limpieza nasal del beb\u00e9<br \/>\nEl uso del aspirador nasal para beb\u00e9s Chicco PhysioClean durante los primeros meses ayuda a mantener limpios los conductos nasales, reduciendo la acumulaci\u00f3n de secreci\u00f3n nasal. La limpieza adecuada de las fosas nasales del beb\u00e9 facilita el proceso de lactancia y evita molestias a la hora de dormir, permitiendo tu descanso y el de tu beb\u00e9.<\/p>\n<p>Su dise\u00f1o ergon\u00f3mico y boquilla blanda hacen que su uso sea sencillo y sin dolor. La limpieza nasal es especialmente importante en los ni\u00f1os m\u00e1s peque\u00f1os que a\u00fan no pueden sonarse la nariz por s\u00ed mismos. Cada paquete contiene boquillas blandas desechables con filtro absorbente.  Cada boquilla est\u00e1 sellada individualmente para una alta higiene. Las mismas han sido dise\u00f1adas para adaptarse a las delicadas fosas nasales de los m\u00e1s peque\u00f1os. Incluye 3 boquillas desechables, un tubo flexible y un pico para aspirar.<\/p>\n<p>PASOS: Apoyar el extremo de la boquilla en la nariz del beb\u00e9, y aspirar desde el pico para eliminar las mucosidades nasales excesivas.<\/p>\n","protected":false},"excerpt":{"rendered":"<p>Producto pensado para la limpieza nasal del beb\u00e9 El uso del aspirador nasal para beb\u00e9s Chicco PhysioClean durante los primeros<\/p>\n","protected":false},"featured_media":5746,"comment_status":"open","ping_status":"closed","template":"","meta":[],"product_brand":[],"product_cat":[207,215],"product_tag":[],"class_list":{"0":"post-5736","1":"product","2":"type-product","3":"status-publish","4":"has-post-thumbnail","6":"product_cat-chicco","7":"product_cat-higiene-chicco","9":"first","10":"instock","11":"shipping-taxable","12":"purchasable","13":"product-type-simple"},"_links":{"self":[{"href":"https:\/\/haafer.com\/site\/wp-json\/wp\/v2\/product\/5736","targetHints":{"allow":["GET"]}}],"collection":[{"href":"https:\/\/haafer.com\/site\/wp-json\/wp\/v2\/product"}],"about":[{"href":"https:\/\/haafer.com\/site\/wp-json\/wp\/v2\/types\/product"}],"replies":[{"embeddable":true,"href":"https:\/\/haafer.com\/site\/wp-json\/wp\/v2\/comments?post=5736"}],"wp:featuredmedia":[{"embeddable":true,"href":"https:\/\/haafer.com\/site\/wp-json\/wp\/v2\/media\/5746"}],"wp:attachment":[{"href":"https:\/\/haafer.com\/site\/wp-json\/wp\/v2\/media?parent=5736"}],"wp:term":[{"taxonomy":"product_brand","embeddable":true,"href":"https:\/\/haafer.com\/site\/wp-json\/wp\/v2\/product_brand?post=5736"},{"taxonomy":"product_cat","embeddable":true,"href":"https:\/\/haafer.com\/site\/wp-json\/wp\/v2\/product_cat?post=5736"},{"taxonomy":"product_tag","embeddable":true,"href":"https:\/\/haafer.com\/site\/wp-json\/wp\/v2\/product_tag?post=5736"}],"curies":[{"name":"wp","href":"https:\/\/api.w.org\/{rel}","templated":true}]}}