{"id":5737,"date":"2024-08-01T16:26:10","date_gmt":"2024-08-01T19:26:10","guid":{"rendered":"https:\/\/haafer.com\/site\/?post_type=product&#038;p=5737"},"modified":"2026-02-14T18:30:48","modified_gmt":"2026-02-14T21:30:48","slug":"set-de-higiene-celeste","status":"publish","type":"product","link":"https:\/\/haafer.com\/site\/producto\/set-de-higiene-celeste\/","title":{"rendered":"Set de Higiene &#8211; Celeste"},"content":{"rendered":"<p>Bolsa de mano que incluye todo lo necesario para el cuidado de las u\u00f1as de los beb\u00e9s, ideal para viajes<br \/>\nUna peque\u00f1a bolsa port\u00e1til con los cuatro utensilios m\u00e1s utilizados para el cuidado de las manos y las u\u00f1as del beb\u00e9 en sus diferentes momentos:<br \/>\n\u2022 Tijeras para u\u00f1as de beb\u00e9 con hojas curvas y puntas redondeadas, mango ergon\u00f3mico y equipadas con un protector.<br \/>\n\u2022 6 limas de u\u00f1as especialmente dise\u00f1adas para las peque\u00f1as manos de los reci\u00e9n nacidos.<br \/>\n\u2022 Corta\u00fa\u00f1as con mango antideslizante y extremos redondeados para una m\u00e1xima seguridad para las delicadas manos del beb\u00e9.<br \/>\n\u2022 Cepillo de u\u00f1as con cerdas hipoalerg\u00e9nicas de nailon.<\/p>\n","protected":false},"excerpt":{"rendered":"<p>Bolsa de mano que incluye todo lo necesario para el cuidado de las u\u00f1as de los beb\u00e9s, ideal para viajes<\/p>\n","protected":false},"featured_media":5747,"comment_status":"open","ping_status":"closed","template":"","meta":[],"product_brand":[],"product_cat":[207,215],"product_tag":[],"class_list":{"0":"post-5737","1":"product","2":"type-product","3":"status-publish","4":"has-post-thumbnail","6":"product_cat-chicco","7":"product_cat-higiene-chicco","9":"first","10":"instock","11":"shipping-taxable","12":"purchasable","13":"product-type-simple"},"_links":{"self":[{"href":"https:\/\/haafer.com\/site\/wp-json\/wp\/v2\/product\/5737","targetHints":{"allow":["GET"]}}],"collection":[{"href":"https:\/\/haafer.com\/site\/wp-json\/wp\/v2\/product"}],"about":[{"href":"https:\/\/haafer.com\/site\/wp-json\/wp\/v2\/types\/product"}],"replies":[{"embeddable":true,"href":"https:\/\/haafer.com\/site\/wp-json\/wp\/v2\/comments?post=5737"}],"wp:featuredmedia":[{"embeddable":true,"href":"https:\/\/haafer.com\/site\/wp-json\/wp\/v2\/media\/5747"}],"wp:attachment":[{"href":"https:\/\/haafer.com\/site\/wp-json\/wp\/v2\/media?parent=5737"}],"wp:term":[{"taxonomy":"product_brand","embeddable":true,"href":"https:\/\/haafer.com\/site\/wp-json\/wp\/v2\/product_brand?post=5737"},{"taxonomy":"product_cat","embeddable":true,"href":"https:\/\/haafer.com\/site\/wp-json\/wp\/v2\/product_cat?post=5737"},{"taxonomy":"product_tag","embeddable":true,"href":"https:\/\/haafer.com\/site\/wp-json\/wp\/v2\/product_tag?post=5737"}],"curies":[{"name":"wp","href":"https:\/\/api.w.org\/{rel}","templated":true}]}}