{"id":5754,"date":"2024-08-01T16:45:30","date_gmt":"2024-08-01T19:45:30","guid":{"rendered":"https:\/\/haafer.com\/site\/?post_type=product&#038;p=5754"},"modified":"2026-02-14T18:29:03","modified_gmt":"2026-02-14T21:29:03","slug":"crema-para-pezones","status":"publish","type":"product","link":"https:\/\/haafer.com\/site\/producto\/crema-para-pezones\/","title":{"rendered":"Crema para pezones"},"content":{"rendered":"<p>Cuidado de los pezones desde el embarazo hasta la lactancia<br \/>\nLa lactancia materna es un momento muy importante y emotivo tanto para el beb\u00e9 como para la madre, pero no siempre es f\u00e1cil. Esta crema para los pezones est\u00e1 dise\u00f1ada para mantener hidratada la piel y prevenir o contrarrestar el enrojecimiento causado por la succi\u00f3n del beb\u00e9 durante las tomas.<\/p>\n<p>CON INGREDIENTES ACTIVOS QUE AYUDAN A REPARAR LA PIEL: El ingrediente activo se extrae del higo chumbo y del olivo, posee una acci\u00f3n hidratante y reparadora para la piel. Tambi\u00e9n contiene aceite de almendras, ceramidas y manteca de karit\u00e9 para una mayor nutrici\u00f3n.<br \/>\nPARA UN USO ANTES Y DESPU\u00c9S DEL PARTO: Puedes usarlo despu\u00e9s del parto para evitar las grietas y regenerar el pez\u00f3n, pero tambi\u00e9n antes del parto, para preparar al pez\u00f3n para la lactancia y ayudar en la prevenci\u00f3n de las grietas.<br \/>\nNO NECESITA ACLARADO: La crema para pezones es inodora y segura para los beb\u00e9s, por lo que tras la aplicaci\u00f3n no hace falta lavar el pecho cuando vayas a realizar la siguiente toma.<br \/>\nNO MANCHA LA ROPA: No contiene principios activos conocidos por manchar la ropa. Es una emulsi\u00f3n con ingredientes naturales inodoros que absorbe la piel sin riesgo a da\u00f1ar la ropa.<\/p>\n","protected":false},"excerpt":{"rendered":"<p>Cuidado de los pezones desde el embarazo hasta la lactancia La lactancia materna es un momento muy importante y emotivo<\/p>\n","protected":false},"featured_media":5764,"comment_status":"open","ping_status":"closed","template":"","meta":[],"product_brand":[],"product_cat":[209,207],"product_tag":[],"class_list":{"0":"post-5754","1":"product","2":"type-product","3":"status-publish","4":"has-post-thumbnail","6":"product_cat-accesorios-chicco","7":"product_cat-chicco","9":"first","10":"outofstock","11":"shipping-taxable","12":"purchasable","13":"product-type-simple"},"_links":{"self":[{"href":"https:\/\/haafer.com\/site\/wp-json\/wp\/v2\/product\/5754","targetHints":{"allow":["GET"]}}],"collection":[{"href":"https:\/\/haafer.com\/site\/wp-json\/wp\/v2\/product"}],"about":[{"href":"https:\/\/haafer.com\/site\/wp-json\/wp\/v2\/types\/product"}],"replies":[{"embeddable":true,"href":"https:\/\/haafer.com\/site\/wp-json\/wp\/v2\/comments?post=5754"}],"wp:featuredmedia":[{"embeddable":true,"href":"https:\/\/haafer.com\/site\/wp-json\/wp\/v2\/media\/5764"}],"wp:attachment":[{"href":"https:\/\/haafer.com\/site\/wp-json\/wp\/v2\/media?parent=5754"}],"wp:term":[{"taxonomy":"product_brand","embeddable":true,"href":"https:\/\/haafer.com\/site\/wp-json\/wp\/v2\/product_brand?post=5754"},{"taxonomy":"product_cat","embeddable":true,"href":"https:\/\/haafer.com\/site\/wp-json\/wp\/v2\/product_cat?post=5754"},{"taxonomy":"product_tag","embeddable":true,"href":"https:\/\/haafer.com\/site\/wp-json\/wp\/v2\/product_tag?post=5754"}],"curies":[{"name":"wp","href":"https:\/\/api.w.org\/{rel}","templated":true}]}}