{"id":5755,"date":"2024-08-01T16:45:31","date_gmt":"2024-08-01T19:45:31","guid":{"rendered":"https:\/\/haafer.com\/site\/?post_type=product&#038;p=5755"},"modified":"2026-02-14T18:26:34","modified_gmt":"2026-02-14T21:26:34","slug":"bolsas-de-almacenamiento","status":"publish","type":"product","link":"https:\/\/haafer.com\/site\/producto\/bolsas-de-almacenamiento\/","title":{"rendered":"Bolsas de Almacenamiento"},"content":{"rendered":"<p>Una forma conveniente de almacenar, congelar y calentar la leche materna<br \/>\nLas bolsas de leche son una soluci\u00f3n c\u00f3moda y pr\u00e1ctica de almacenar y congelar la leche materna. Se puede almacenar en heladera, congelador o freezer y calentarse con el Calienta mamaderas de Chicco o agua tibia. Incluye un c\u00f3modo pico para verter la leche y  doble cierre herm\u00e9tico a pruebas de fugas. Adem\u00e1s, cuenta con espacio para escribir los datos de la extracci\u00f3n, un sensor t\u00e9rmico y una base reforzada para llenar f\u00e1cilmente las bolsas.<\/p>\n<p>Incluye 30 piezas. Capacidad de 250ml c\/u.<\/p>\n","protected":false},"excerpt":{"rendered":"<p>Una forma conveniente de almacenar, congelar y calentar la leche materna Las bolsas de leche son una soluci\u00f3n c\u00f3moda y<\/p>\n","protected":false},"featured_media":5765,"comment_status":"open","ping_status":"closed","template":"","meta":[],"product_brand":[],"product_cat":[209,207],"product_tag":[],"class_list":{"0":"post-5755","1":"product","2":"type-product","3":"status-publish","4":"has-post-thumbnail","6":"product_cat-accesorios-chicco","7":"product_cat-chicco","9":"first","10":"instock","11":"shipping-taxable","12":"purchasable","13":"product-type-simple"},"_links":{"self":[{"href":"https:\/\/haafer.com\/site\/wp-json\/wp\/v2\/product\/5755","targetHints":{"allow":["GET"]}}],"collection":[{"href":"https:\/\/haafer.com\/site\/wp-json\/wp\/v2\/product"}],"about":[{"href":"https:\/\/haafer.com\/site\/wp-json\/wp\/v2\/types\/product"}],"replies":[{"embeddable":true,"href":"https:\/\/haafer.com\/site\/wp-json\/wp\/v2\/comments?post=5755"}],"wp:featuredmedia":[{"embeddable":true,"href":"https:\/\/haafer.com\/site\/wp-json\/wp\/v2\/media\/5765"}],"wp:attachment":[{"href":"https:\/\/haafer.com\/site\/wp-json\/wp\/v2\/media?parent=5755"}],"wp:term":[{"taxonomy":"product_brand","embeddable":true,"href":"https:\/\/haafer.com\/site\/wp-json\/wp\/v2\/product_brand?post=5755"},{"taxonomy":"product_cat","embeddable":true,"href":"https:\/\/haafer.com\/site\/wp-json\/wp\/v2\/product_cat?post=5755"},{"taxonomy":"product_tag","embeddable":true,"href":"https:\/\/haafer.com\/site\/wp-json\/wp\/v2\/product_tag?post=5755"}],"curies":[{"name":"wp","href":"https:\/\/api.w.org\/{rel}","templated":true}]}}