{"id":5756,"date":"2024-08-01T16:45:31","date_gmt":"2024-08-01T19:45:31","guid":{"rendered":"https:\/\/haafer.com\/site\/?post_type=product&#038;p=5756"},"modified":"2026-02-14T18:27:06","modified_gmt":"2026-02-14T21:27:06","slug":"corrector-de-pezon-natural-feeling","status":"publish","type":"product","link":"https:\/\/haafer.com\/site\/producto\/corrector-de-pezon-natural-feeling\/","title":{"rendered":"Corrector de Pez\u00f3n Natural Feeling"},"content":{"rendered":"<p>\u00datil en caso de pezones planos o retra\u00eddos para facilitar la lactancia. \u00bfC\u00f3mo funciona? Con este dispositivo podr\u00e1s mediante la succi\u00f3n sacar el pez\u00f3n de manera natural y permanente. <\/p>\n","protected":false},"excerpt":{"rendered":"<p>\u00datil en caso de pezones planos o retra\u00eddos para facilitar la lactancia. \u00bfC\u00f3mo funciona? Con este dispositivo podr\u00e1s mediante la<\/p>\n","protected":false},"featured_media":5766,"comment_status":"open","ping_status":"closed","template":"","meta":[],"product_brand":[],"product_cat":[209,207],"product_tag":[],"class_list":{"0":"post-5756","1":"product","2":"type-product","3":"status-publish","4":"has-post-thumbnail","6":"product_cat-accesorios-chicco","7":"product_cat-chicco","9":"first","10":"instock","11":"shipping-taxable","12":"purchasable","13":"product-type-simple"},"_links":{"self":[{"href":"https:\/\/haafer.com\/site\/wp-json\/wp\/v2\/product\/5756","targetHints":{"allow":["GET"]}}],"collection":[{"href":"https:\/\/haafer.com\/site\/wp-json\/wp\/v2\/product"}],"about":[{"href":"https:\/\/haafer.com\/site\/wp-json\/wp\/v2\/types\/product"}],"replies":[{"embeddable":true,"href":"https:\/\/haafer.com\/site\/wp-json\/wp\/v2\/comments?post=5756"}],"wp:featuredmedia":[{"embeddable":true,"href":"https:\/\/haafer.com\/site\/wp-json\/wp\/v2\/media\/5766"}],"wp:attachment":[{"href":"https:\/\/haafer.com\/site\/wp-json\/wp\/v2\/media?parent=5756"}],"wp:term":[{"taxonomy":"product_brand","embeddable":true,"href":"https:\/\/haafer.com\/site\/wp-json\/wp\/v2\/product_brand?post=5756"},{"taxonomy":"product_cat","embeddable":true,"href":"https:\/\/haafer.com\/site\/wp-json\/wp\/v2\/product_cat?post=5756"},{"taxonomy":"product_tag","embeddable":true,"href":"https:\/\/haafer.com\/site\/wp-json\/wp\/v2\/product_tag?post=5756"}],"curies":[{"name":"wp","href":"https:\/\/api.w.org\/{rel}","templated":true}]}}