{"id":5770,"date":"2024-08-01T17:02:18","date_gmt":"2024-08-01T20:02:18","guid":{"rendered":"https:\/\/haafer.com\/site\/?post_type=product&#038;p=5770"},"modified":"2025-06-02T11:34:11","modified_gmt":"2025-06-02T14:34:11","slug":"sacaleche-electrico-compacto-usb","status":"publish","type":"product","link":"https:\/\/haafer.com\/site\/producto\/sacaleche-electrico-compacto-usb\/","title":{"rendered":"Sacaleche electrico compacto USB"},"content":{"rendered":"<p>Ideal para llevar a todos lados!!! El sacaleche el\u00e9ctrico compacto USB es liviano, compacto y silencioso, para llevar a todos lados y extraer en cualquier lugar. Es f\u00e1cil de usar y efectivo: Sistema de 2 fases para imitar el movimiento de succi\u00f3n del beb\u00e9. Fase 1: Estimula el flujo de leche. Fase 2: Conduce a una extracci\u00f3n efectiva. Intuitivo y customizable: Personaliza tu extracci\u00f3n de bombeo. 5 niveles de estimulaci\u00f3n. 5 niveles de extracci\u00f3n. Seleccione la que m\u00e1s le convenga. Adem\u00e1s, posee una luz indicadora. Luz azul para la estimulaci\u00f3n. Luz blanca pata la extracci\u00f3n. Ideal para viajes o vuelta al trabajo: Con cargador USB incluido. Carga completa: 90 minutos &#8211; tiempo de bombeo. Copa de silicona suave: Se adhiere perfectamente y es delicada con el pecho. Incluye tetina: Exclusiva tetina inclinada NaturalFeeling. Doble uso: Utilizando la tapa incluida se puede usar como contenedor o utilizando la tetina se puede usar como biber\u00f3n.<\/p>\n","protected":false},"excerpt":{"rendered":"<p>Ideal para llevar a todos lados!!! El sacaleche el\u00e9ctrico compacto USB es liviano, compacto y silencioso, para llevar a todos<\/p>\n","protected":false},"featured_media":5780,"comment_status":"open","ping_status":"closed","template":"","meta":[],"product_brand":[],"product_cat":[207,208],"product_tag":[],"class_list":{"0":"post-5770","1":"product","2":"type-product","3":"status-publish","4":"has-post-thumbnail","6":"product_cat-chicco","7":"product_cat-lactancia-chicco","9":"first","10":"outofstock","11":"shipping-taxable","12":"purchasable","13":"product-type-simple"},"_links":{"self":[{"href":"https:\/\/haafer.com\/site\/wp-json\/wp\/v2\/product\/5770","targetHints":{"allow":["GET"]}}],"collection":[{"href":"https:\/\/haafer.com\/site\/wp-json\/wp\/v2\/product"}],"about":[{"href":"https:\/\/haafer.com\/site\/wp-json\/wp\/v2\/types\/product"}],"replies":[{"embeddable":true,"href":"https:\/\/haafer.com\/site\/wp-json\/wp\/v2\/comments?post=5770"}],"wp:featuredmedia":[{"embeddable":true,"href":"https:\/\/haafer.com\/site\/wp-json\/wp\/v2\/media\/5780"}],"wp:attachment":[{"href":"https:\/\/haafer.com\/site\/wp-json\/wp\/v2\/media?parent=5770"}],"wp:term":[{"taxonomy":"product_brand","embeddable":true,"href":"https:\/\/haafer.com\/site\/wp-json\/wp\/v2\/product_brand?post=5770"},{"taxonomy":"product_cat","embeddable":true,"href":"https:\/\/haafer.com\/site\/wp-json\/wp\/v2\/product_cat?post=5770"},{"taxonomy":"product_tag","embeddable":true,"href":"https:\/\/haafer.com\/site\/wp-json\/wp\/v2\/product_tag?post=5770"}],"curies":[{"name":"wp","href":"https:\/\/api.w.org\/{rel}","templated":true}]}}