{"id":5773,"date":"2024-08-01T17:02:19","date_gmt":"2024-08-01T20:02:19","guid":{"rendered":"https:\/\/haafer.com\/site\/?post_type=product&#038;p=5773"},"modified":"2026-02-14T18:23:34","modified_gmt":"2026-02-14T21:23:34","slug":"wellbeing-250ml-2-boy","status":"publish","type":"product","link":"https:\/\/haafer.com\/site\/producto\/wellbeing-250ml-2-boy\/","title":{"rendered":"Wellbeing 250ml 2+ Boy"},"content":{"rendered":"<p>Con dise\u00f1os s\u00faper divertidos y alegres<br \/>\nLas mamaderas Wellbeing son la elecci\u00f3n perfecta para la alimentaci\u00f3n cotidiana del beb\u00e9. Gracias a su especial tetina Physio, el biber\u00f3n Well-being permite al beb\u00e9 ir a su propio ritmo, para una toma relajada y segura. La exclusiva forma de la tetina se ha desarrollado para respetar los movimientos naturales de succi\u00f3n y proteger al beb\u00e9 de c\u00f3licos, reflujo y regurgitaciones. El biber\u00f3n Well-being 250 ml posee una tetina de silicona de flujo medio, para beb\u00e9s a partir de los 2 meses y est\u00e1 fabricado en silicona de alta calidad. Tetina anti-c\u00f3licos.<\/p>\n","protected":false},"excerpt":{"rendered":"<p>Con dise\u00f1os s\u00faper divertidos y alegres Las mamaderas Wellbeing son la elecci\u00f3n perfecta para la alimentaci\u00f3n cotidiana del beb\u00e9. Gracias<\/p>\n","protected":false},"featured_media":5784,"comment_status":"open","ping_status":"closed","template":"","meta":[],"product_brand":[],"product_cat":[207,222,210],"product_tag":[],"class_list":{"0":"post-5773","1":"product","2":"type-product","3":"status-publish","4":"has-post-thumbnail","6":"product_cat-chicco","7":"product_cat-linea-well-being","8":"product_cat-mamaderas-chicco","10":"first","11":"instock","12":"shipping-taxable","13":"purchasable","14":"product-type-simple"},"_links":{"self":[{"href":"https:\/\/haafer.com\/site\/wp-json\/wp\/v2\/product\/5773","targetHints":{"allow":["GET"]}}],"collection":[{"href":"https:\/\/haafer.com\/site\/wp-json\/wp\/v2\/product"}],"about":[{"href":"https:\/\/haafer.com\/site\/wp-json\/wp\/v2\/types\/product"}],"replies":[{"embeddable":true,"href":"https:\/\/haafer.com\/site\/wp-json\/wp\/v2\/comments?post=5773"}],"wp:featuredmedia":[{"embeddable":true,"href":"https:\/\/haafer.com\/site\/wp-json\/wp\/v2\/media\/5784"}],"wp:attachment":[{"href":"https:\/\/haafer.com\/site\/wp-json\/wp\/v2\/media?parent=5773"}],"wp:term":[{"taxonomy":"product_brand","embeddable":true,"href":"https:\/\/haafer.com\/site\/wp-json\/wp\/v2\/product_brand?post=5773"},{"taxonomy":"product_cat","embeddable":true,"href":"https:\/\/haafer.com\/site\/wp-json\/wp\/v2\/product_cat?post=5773"},{"taxonomy":"product_tag","embeddable":true,"href":"https:\/\/haafer.com\/site\/wp-json\/wp\/v2\/product_tag?post=5773"}],"curies":[{"name":"wp","href":"https:\/\/api.w.org\/{rel}","templated":true}]}}