{"id":5777,"date":"2024-08-01T17:02:20","date_gmt":"2024-08-01T20:02:20","guid":{"rendered":"https:\/\/haafer.com\/site\/?post_type=product&#038;p=5777"},"modified":"2025-06-02T11:29:22","modified_gmt":"2025-06-02T14:29:22","slug":"set-de-higiene-bucal","status":"publish","type":"product","link":"https:\/\/haafer.com\/site\/producto\/set-de-higiene-bucal\/","title":{"rendered":"Set de higiene bucal"},"content":{"rendered":"<p>Neceser dental con cepillo y pasta de dientes<br \/>\nUn pr\u00e1ctico set ideal para que los ni\u00f1os mantengan su higiene bucal fuera de casa. Contiene un cepillo de dientes con su capuch\u00f3n y pasta de dientes con fl\u00faor sabor fresa 12+. Viene en un pr\u00e1ctico estuche con cremallera para llevarlo a cualquier parte. Las cerdas suaves del cepillo son ideales para los primeros dientes, y su cuello fino y mango ergon\u00f3mico antideslizante est\u00e1n dise\u00f1ados especialmente para los ni\u00f1os m\u00e1s peque\u00f1os.<\/p>\n","protected":false},"excerpt":{"rendered":"<p>Neceser dental con cepillo y pasta de dientes Un pr\u00e1ctico set ideal para que los ni\u00f1os mantengan su higiene bucal<\/p>\n","protected":false},"featured_media":5788,"comment_status":"open","ping_status":"closed","template":"","meta":[],"product_brand":[],"product_cat":[207,216],"product_tag":[],"class_list":{"0":"post-5777","1":"product","2":"type-product","3":"status-publish","4":"has-post-thumbnail","6":"product_cat-chicco","7":"product_cat-higiene-bucal","9":"first","10":"outofstock","11":"shipping-taxable","12":"purchasable","13":"product-type-simple"},"_links":{"self":[{"href":"https:\/\/haafer.com\/site\/wp-json\/wp\/v2\/product\/5777","targetHints":{"allow":["GET"]}}],"collection":[{"href":"https:\/\/haafer.com\/site\/wp-json\/wp\/v2\/product"}],"about":[{"href":"https:\/\/haafer.com\/site\/wp-json\/wp\/v2\/types\/product"}],"replies":[{"embeddable":true,"href":"https:\/\/haafer.com\/site\/wp-json\/wp\/v2\/comments?post=5777"}],"wp:featuredmedia":[{"embeddable":true,"href":"https:\/\/haafer.com\/site\/wp-json\/wp\/v2\/media\/5788"}],"wp:attachment":[{"href":"https:\/\/haafer.com\/site\/wp-json\/wp\/v2\/media?parent=5777"}],"wp:term":[{"taxonomy":"product_brand","embeddable":true,"href":"https:\/\/haafer.com\/site\/wp-json\/wp\/v2\/product_brand?post=5777"},{"taxonomy":"product_cat","embeddable":true,"href":"https:\/\/haafer.com\/site\/wp-json\/wp\/v2\/product_cat?post=5777"},{"taxonomy":"product_tag","embeddable":true,"href":"https:\/\/haafer.com\/site\/wp-json\/wp\/v2\/product_tag?post=5777"}],"curies":[{"name":"wp","href":"https:\/\/api.w.org\/{rel}","templated":true}]}}