{"id":5778,"date":"2024-08-01T17:02:20","date_gmt":"2024-08-01T20:02:20","guid":{"rendered":"https:\/\/haafer.com\/site\/?post_type=product&#038;p=5778"},"modified":"2025-11-30T11:51:17","modified_gmt":"2025-11-30T14:51:17","slug":"set-de-cepillo-y-peine-colores-surtidos","status":"publish","type":"product","link":"https:\/\/haafer.com\/site\/producto\/set-de-cepillo-y-peine-colores-surtidos\/","title":{"rendered":"Set de Cepillo y Peine &#8211; Colores surtidos"},"content":{"rendered":"<p>CONSULTAR POR COLORES DISPONIBLES<\/p>\n<p>NUK SET DE CEPILLO Y PEINE<\/p>\n<p>Para el cuidado diario del cabello de los beb\u00e9s y ni\u00f1os peque\u00f1os.<br \/>\nCepillo con cerdas suaves.<br \/>\nPeine con dientes redondeados para proteger el cuero cabelludo.<\/p>\n","protected":false},"excerpt":{"rendered":"<p>CONSULTAR POR COLORES DISPONIBLES NUK SET DE CEPILLO Y PEINE Para el cuidado diario del cabello de los beb\u00e9s y<\/p>\n","protected":false},"featured_media":5789,"comment_status":"open","ping_status":"closed","template":"","meta":[],"product_brand":[],"product_cat":[129,152,102],"product_tag":[],"class_list":{"0":"post-5778","1":"product","2":"type-product","3":"status-publish","4":"has-post-thumbnail","6":"product_cat-cubiertos-y-vajillas","7":"product_cat-higiene-del-bebe","8":"product_cat-nuk","10":"first","11":"instock","12":"shipping-taxable","13":"purchasable","14":"product-type-simple"},"_links":{"self":[{"href":"https:\/\/haafer.com\/site\/wp-json\/wp\/v2\/product\/5778","targetHints":{"allow":["GET"]}}],"collection":[{"href":"https:\/\/haafer.com\/site\/wp-json\/wp\/v2\/product"}],"about":[{"href":"https:\/\/haafer.com\/site\/wp-json\/wp\/v2\/types\/product"}],"replies":[{"embeddable":true,"href":"https:\/\/haafer.com\/site\/wp-json\/wp\/v2\/comments?post=5778"}],"wp:featuredmedia":[{"embeddable":true,"href":"https:\/\/haafer.com\/site\/wp-json\/wp\/v2\/media\/5789"}],"wp:attachment":[{"href":"https:\/\/haafer.com\/site\/wp-json\/wp\/v2\/media?parent=5778"}],"wp:term":[{"taxonomy":"product_brand","embeddable":true,"href":"https:\/\/haafer.com\/site\/wp-json\/wp\/v2\/product_brand?post=5778"},{"taxonomy":"product_cat","embeddable":true,"href":"https:\/\/haafer.com\/site\/wp-json\/wp\/v2\/product_cat?post=5778"},{"taxonomy":"product_tag","embeddable":true,"href":"https:\/\/haafer.com\/site\/wp-json\/wp\/v2\/product_tag?post=5778"}],"curies":[{"name":"wp","href":"https:\/\/api.w.org\/{rel}","templated":true}]}}