{"id":5793,"date":"2024-08-01T17:36:10","date_gmt":"2024-08-01T20:36:10","guid":{"rendered":"https:\/\/haafer.com\/site\/?post_type=product&#038;p=5793"},"modified":"2025-11-30T11:48:51","modified_gmt":"2025-11-30T14:48:51","slug":"set-de-2-chup-trendline-rey-leon-0-6-meses","status":"publish","type":"product","link":"https:\/\/haafer.com\/site\/producto\/set-de-2-chup-trendline-rey-leon-0-6-meses\/","title":{"rendered":"Set de 2 Chup. Trendline REY LEON 0-6 meses"},"content":{"rendered":"<p>Set de 2 chupetes de silicona NUK Trendline Disney Rey Le\u00f3n para Beb\u00e9s de 0 a 6 meses.<\/p>\n<p>El chupete posee un dise\u00f1o anat\u00f3mico con bot\u00f3n plano para evitar marcas de presi\u00f3n cuando el beb\u00e9 est\u00e1 boca abajo o de lado, y un pr\u00e1ctico anillo.<\/p>\n<p>Por supuesto, la tetina del chupete NUK Disney tiene la forma original que se inspira en el pez\u00f3n de la madre mientras amamanta. Esto significa que los chupetes NUK ayudan a un desarrollo bucal saludable y no causan confusi\u00f3n en los pezones.<\/p>\n<p>La tetina es tan plana, fina y estrecha y se adapta perfectamente a las bocas peque\u00f1as y deja a la lengua, as\u00ed como las mand\u00edbulas, suficiente espacio para movimientos naturales de succi\u00f3n. La forma NUK anat\u00f3micamente correcta es ideal, porque la succi\u00f3n natural no solo asegura la ingesta de alimentos, sino que tambi\u00e9n est\u00e1 comprobado que ayuda a desarrollar habilidades importantes, como la forma correcta de tragar, masticar y, en \u00faltima instancia, hablar.<\/p>\n<p>La sustentabilidad es una prioridad para nosotros. Le damos a los padres la oportunidad de reutilizar nuestro estuche en lugar de descartarlo. Por lo tanto, cada chupete NUK viene ahora en una caja resistente y reutilizable, que mantiene el chupete limpio y lo protege, sobre todo para cuando est\u00e1s fuera y es una soluci\u00f3n ideal para evitar que el compa\u00f1ero favorito de tu beb\u00e9 se ensucie o se moje.<\/p>\n<p>Los chupetes NUK son 100% fabricados en Alemania. Por supuesto, son libres de BPA y cumplen con la norma de seguridad europea EN1400.<\/p>\n<p>Caracter\u00edsticas:<br \/>\n&#8211; Cuello de la tetina m\u00e1s delgado y estrecho: reduce la presi\u00f3n sobre las mand\u00edbulas y los dientes<br \/>\n&#8211; Tetina m\u00e1s plana y parte inferior m\u00e1s suave que deja m\u00e1s espacio para movimientos de succi\u00f3n naturales<br \/>\n&#8211; Ideal para beb\u00e9s de 0 a 6 meses<br \/>\n&#8211; Tetina 100% silicona<br \/>\n&#8211; Estuche doble apto para transporte y esterilizaci\u00f3n en microondas (4 min. 700-1000W)<br \/>\n&#8211; Made in Alemania<br \/>\n&#8211; Libre de BPA<\/p>\n","protected":false},"excerpt":{"rendered":"<p>Set de 2 chupetes de silicona NUK Trendline Disney Rey Le\u00f3n para Beb\u00e9s de 0 a 6 meses. El chupete<\/p>\n","protected":false},"featured_media":5854,"comment_status":"open","ping_status":"closed","template":"","meta":[],"product_brand":[],"product_cat":[126,102],"product_tag":[],"class_list":{"0":"post-5793","1":"product","2":"type-product","3":"status-publish","4":"has-post-thumbnail","6":"product_cat-chupetes-y-accesorios","7":"product_cat-nuk","9":"first","10":"outofstock","11":"shipping-taxable","12":"purchasable","13":"product-type-simple"},"_links":{"self":[{"href":"https:\/\/haafer.com\/site\/wp-json\/wp\/v2\/product\/5793","targetHints":{"allow":["GET"]}}],"collection":[{"href":"https:\/\/haafer.com\/site\/wp-json\/wp\/v2\/product"}],"about":[{"href":"https:\/\/haafer.com\/site\/wp-json\/wp\/v2\/types\/product"}],"replies":[{"embeddable":true,"href":"https:\/\/haafer.com\/site\/wp-json\/wp\/v2\/comments?post=5793"}],"wp:featuredmedia":[{"embeddable":true,"href":"https:\/\/haafer.com\/site\/wp-json\/wp\/v2\/media\/5854"}],"wp:attachment":[{"href":"https:\/\/haafer.com\/site\/wp-json\/wp\/v2\/media?parent=5793"}],"wp:term":[{"taxonomy":"product_brand","embeddable":true,"href":"https:\/\/haafer.com\/site\/wp-json\/wp\/v2\/product_brand?post=5793"},{"taxonomy":"product_cat","embeddable":true,"href":"https:\/\/haafer.com\/site\/wp-json\/wp\/v2\/product_cat?post=5793"},{"taxonomy":"product_tag","embeddable":true,"href":"https:\/\/haafer.com\/site\/wp-json\/wp\/v2\/product_tag?post=5793"}],"curies":[{"name":"wp","href":"https:\/\/api.w.org\/{rel}","templated":true}]}}