{"id":5796,"date":"2024-08-01T17:36:10","date_gmt":"2024-08-01T20:36:10","guid":{"rendered":"https:\/\/haafer.com\/site\/?post_type=product&#038;p=5796"},"modified":"2025-11-30T11:46:25","modified_gmt":"2025-11-30T14:46:25","slug":"esterilizador-electrico-vario-express","status":"publish","type":"product","link":"https:\/\/haafer.com\/site\/producto\/esterilizador-electrico-vario-express\/","title":{"rendered":"Esterilizador Electrico Vario Express"},"content":{"rendered":"<p>Esteriliza hasta 6 mamaderas y accesorios en 6 minutos (sin fase de calentamiento)<br \/>\nElementos de seguridad: luz de funcionamiento y apagado autom\u00e1tico<br \/>\nCesto extra\u00edble y 6 postes para esterilizar mamaderas, sus partes y otros accesorios<br \/>\nDise\u00f1o moderno y ergon\u00f3mico: elegante y f\u00e1cil de usar<br \/>\nIncluye: 1 pinza de botella, 1 cesta de accesorios, 1 rejilla y 6 polos incluidos<\/p>\n","protected":false},"excerpt":{"rendered":"<p>Esteriliza hasta 6 mamaderas y accesorios en 6 minutos (sin fase de calentamiento) Elementos de seguridad: luz de funcionamiento y<\/p>\n","protected":false},"featured_media":5857,"comment_status":"open","ping_status":"closed","template":"","meta":[],"product_brand":[],"product_cat":[130,102],"product_tag":[],"class_list":{"0":"post-5796","1":"product","2":"type-product","3":"status-publish","4":"has-post-thumbnail","6":"product_cat-higiene-para-el-hogar","7":"product_cat-nuk","9":"first","10":"instock","11":"shipping-taxable","12":"purchasable","13":"product-type-simple"},"_links":{"self":[{"href":"https:\/\/haafer.com\/site\/wp-json\/wp\/v2\/product\/5796","targetHints":{"allow":["GET"]}}],"collection":[{"href":"https:\/\/haafer.com\/site\/wp-json\/wp\/v2\/product"}],"about":[{"href":"https:\/\/haafer.com\/site\/wp-json\/wp\/v2\/types\/product"}],"replies":[{"embeddable":true,"href":"https:\/\/haafer.com\/site\/wp-json\/wp\/v2\/comments?post=5796"}],"wp:featuredmedia":[{"embeddable":true,"href":"https:\/\/haafer.com\/site\/wp-json\/wp\/v2\/media\/5857"}],"wp:attachment":[{"href":"https:\/\/haafer.com\/site\/wp-json\/wp\/v2\/media?parent=5796"}],"wp:term":[{"taxonomy":"product_brand","embeddable":true,"href":"https:\/\/haafer.com\/site\/wp-json\/wp\/v2\/product_brand?post=5796"},{"taxonomy":"product_cat","embeddable":true,"href":"https:\/\/haafer.com\/site\/wp-json\/wp\/v2\/product_cat?post=5796"},{"taxonomy":"product_tag","embeddable":true,"href":"https:\/\/haafer.com\/site\/wp-json\/wp\/v2\/product_tag?post=5796"}],"curies":[{"name":"wp","href":"https:\/\/api.w.org\/{rel}","templated":true}]}}