{"id":5797,"date":"2024-08-01T17:36:10","date_gmt":"2024-08-01T20:36:10","guid":{"rendered":"https:\/\/haafer.com\/site\/?post_type=product&#038;p=5797"},"modified":"2025-11-30T11:47:15","modified_gmt":"2025-11-30T14:47:15","slug":"calentador-de-mamaderas-thermo-express","status":"publish","type":"product","link":"https:\/\/haafer.com\/site\/producto\/calentador-de-mamaderas-thermo-express\/","title":{"rendered":"Calentador de Mamaderas Thermo Express"},"content":{"rendered":"<p>Calienta la comida para beb\u00e9s muy r\u00e1pida y suavemente con vapor en solo 90 segundos*<br \/>\nF\u00e1cil de controlar con una luz indicadora encendida durante la fase de calentamiento<br \/>\nSe apaga autom\u00e1ticamente al final de la fase de calentamiento<br \/>\nM\u00e1xima seguridad gracias a la protecci\u00f3n contra sobrecalentamiento<br \/>\nCon una cesta pr\u00e1ctica para retirar las botellas f\u00e1cilmente<br \/>\n*De temperatura ambiente a la temperatura de bebida -120 ml de fluido calentado en una botella de 240 ml.<\/p>\n","protected":false},"excerpt":{"rendered":"<p>Calienta la comida para beb\u00e9s muy r\u00e1pida y suavemente con vapor en solo 90 segundos* F\u00e1cil de controlar con una<\/p>\n","protected":false},"featured_media":5858,"comment_status":"open","ping_status":"closed","template":"","meta":[],"product_brand":[],"product_cat":[102],"product_tag":[],"class_list":{"0":"post-5797","1":"product","2":"type-product","3":"status-publish","4":"has-post-thumbnail","6":"product_cat-nuk","8":"first","9":"outofstock","10":"shipping-taxable","11":"purchasable","12":"product-type-simple"},"_links":{"self":[{"href":"https:\/\/haafer.com\/site\/wp-json\/wp\/v2\/product\/5797","targetHints":{"allow":["GET"]}}],"collection":[{"href":"https:\/\/haafer.com\/site\/wp-json\/wp\/v2\/product"}],"about":[{"href":"https:\/\/haafer.com\/site\/wp-json\/wp\/v2\/types\/product"}],"replies":[{"embeddable":true,"href":"https:\/\/haafer.com\/site\/wp-json\/wp\/v2\/comments?post=5797"}],"wp:featuredmedia":[{"embeddable":true,"href":"https:\/\/haafer.com\/site\/wp-json\/wp\/v2\/media\/5858"}],"wp:attachment":[{"href":"https:\/\/haafer.com\/site\/wp-json\/wp\/v2\/media?parent=5797"}],"wp:term":[{"taxonomy":"product_brand","embeddable":true,"href":"https:\/\/haafer.com\/site\/wp-json\/wp\/v2\/product_brand?post=5797"},{"taxonomy":"product_cat","embeddable":true,"href":"https:\/\/haafer.com\/site\/wp-json\/wp\/v2\/product_cat?post=5797"},{"taxonomy":"product_tag","embeddable":true,"href":"https:\/\/haafer.com\/site\/wp-json\/wp\/v2\/product_tag?post=5797"}],"curies":[{"name":"wp","href":"https:\/\/api.w.org\/{rel}","templated":true}]}}