{"id":5800,"date":"2024-08-01T17:37:01","date_gmt":"2024-08-01T20:37:01","guid":{"rendered":"https:\/\/haafer.com\/site\/?post_type=product&#038;p=5800"},"modified":"2025-11-30T11:44:13","modified_gmt":"2025-11-30T14:44:13","slug":"bowl-con-2-tapas-colores-surtidos","status":"publish","type":"product","link":"https:\/\/haafer.com\/site\/producto\/bowl-con-2-tapas-colores-surtidos\/","title":{"rendered":"Bowl con 2 tapas &#8211; Colores Surtidos"},"content":{"rendered":"<p>Ideal para las primeras comidas<br \/>\nCon ventosa en la base para mayor seguridad<br \/>\nIncluye 2 tapas: 1 tapa para cerrar (ideal para traslados) y 1 tapa para cubrir en el microondas<br \/>\nApto para microondas y lavavajillas<br \/>\nComer correctamente se tiene que aprender. Para que los ni\u00f1os se diviertan mientras aprenden a comer y beber sin ayuda, la l\u00ednea NUK Easy Learning ofrece productos bien pensados.<\/p>\n<p>El Bowl NUK Easy Learning es una gran aliado de los peque\u00f1os cuando quieren comer solos, ya que la ventosa en la base del bowl garantiza su estabilidad y su borde inclinado hace que sea f\u00e1cil levantar la comida con la cuchara.<\/p>\n<p>Los accesorios tambi\u00e9n est\u00e1n bien pensados, el recipiente tiene dos tapas: una con orificios para calentar comida en el microondas y otra herm\u00e9tica para conservar los alimentos o trasladarlos.<\/p>\n<p>El Bowl NUK Easy Learning es apto para microondas y lavavajillas<\/p>\n","protected":false},"excerpt":{"rendered":"<p>Ideal para las primeras comidas Con ventosa en la base para mayor seguridad Incluye 2 tapas: 1 tapa para cerrar<\/p>\n","protected":false},"featured_media":5861,"comment_status":"open","ping_status":"closed","template":"","meta":[],"product_brand":[],"product_cat":[102],"product_tag":[],"class_list":{"0":"post-5800","1":"product","2":"type-product","3":"status-publish","4":"has-post-thumbnail","6":"product_cat-nuk","8":"first","9":"instock","10":"shipping-taxable","11":"purchasable","12":"product-type-simple"},"_links":{"self":[{"href":"https:\/\/haafer.com\/site\/wp-json\/wp\/v2\/product\/5800","targetHints":{"allow":["GET"]}}],"collection":[{"href":"https:\/\/haafer.com\/site\/wp-json\/wp\/v2\/product"}],"about":[{"href":"https:\/\/haafer.com\/site\/wp-json\/wp\/v2\/types\/product"}],"replies":[{"embeddable":true,"href":"https:\/\/haafer.com\/site\/wp-json\/wp\/v2\/comments?post=5800"}],"wp:featuredmedia":[{"embeddable":true,"href":"https:\/\/haafer.com\/site\/wp-json\/wp\/v2\/media\/5861"}],"wp:attachment":[{"href":"https:\/\/haafer.com\/site\/wp-json\/wp\/v2\/media?parent=5800"}],"wp:term":[{"taxonomy":"product_brand","embeddable":true,"href":"https:\/\/haafer.com\/site\/wp-json\/wp\/v2\/product_brand?post=5800"},{"taxonomy":"product_cat","embeddable":true,"href":"https:\/\/haafer.com\/site\/wp-json\/wp\/v2\/product_cat?post=5800"},{"taxonomy":"product_tag","embeddable":true,"href":"https:\/\/haafer.com\/site\/wp-json\/wp\/v2\/product_tag?post=5800"}],"curies":[{"name":"wp","href":"https:\/\/api.w.org\/{rel}","templated":true}]}}