{"id":5802,"date":"2024-08-01T17:37:02","date_gmt":"2024-08-01T20:37:02","guid":{"rendered":"https:\/\/haafer.com\/site\/?post_type=product&#038;p=5802"},"modified":"2025-11-30T11:40:58","modified_gmt":"2025-11-30T14:40:58","slug":"cubetera-para-alimentos","status":"publish","type":"product","link":"https:\/\/haafer.com\/site\/producto\/cubetera-para-alimentos\/","title":{"rendered":"Cubetera para Alimentos"},"content":{"rendered":"<p>La Cubetera NUK para alimentos Fresh Foods&#x2122; es una forma innovadora para congelar alimentos para beb\u00e9s reci\u00e9n preparados: se divide en nueve peque\u00f1os cubos, cada uno a porciones de 60 ml. Muy simple de usar: se rellenan los cubos con el pur\u00e9, se cierra con la tapa y se almacena en el freezer.<br \/>\nGracias a su forma suave y flexible de silicona, las partes pueden retirarse individualmente seg\u00fan se requiera y se calentar\u00e1n cuando sea la hora de la siguiente comida sana.<\/p>\n<p>Sugerimos guardar el pur\u00e9 a temperatura ambiente al momento de congelar.<\/p>\n<p>No recomendado para microondas. Apto para lavavajilla.<\/p>\n","protected":false},"excerpt":{"rendered":"<p>La Cubetera NUK para alimentos Fresh Foods&#x2122; es una forma innovadora para congelar alimentos para beb\u00e9s reci\u00e9n preparados: se divide<\/p>\n","protected":false},"featured_media":5863,"comment_status":"open","ping_status":"closed","template":"","meta":[],"product_brand":[],"product_cat":[148,102],"product_tag":[],"class_list":{"0":"post-5802","1":"product","2":"type-product","3":"status-publish","4":"has-post-thumbnail","6":"product_cat-cubiertos-y-vajilla","7":"product_cat-nuk","9":"first","10":"instock","11":"shipping-taxable","12":"purchasable","13":"product-type-simple"},"_links":{"self":[{"href":"https:\/\/haafer.com\/site\/wp-json\/wp\/v2\/product\/5802","targetHints":{"allow":["GET"]}}],"collection":[{"href":"https:\/\/haafer.com\/site\/wp-json\/wp\/v2\/product"}],"about":[{"href":"https:\/\/haafer.com\/site\/wp-json\/wp\/v2\/types\/product"}],"replies":[{"embeddable":true,"href":"https:\/\/haafer.com\/site\/wp-json\/wp\/v2\/comments?post=5802"}],"wp:featuredmedia":[{"embeddable":true,"href":"https:\/\/haafer.com\/site\/wp-json\/wp\/v2\/media\/5863"}],"wp:attachment":[{"href":"https:\/\/haafer.com\/site\/wp-json\/wp\/v2\/media?parent=5802"}],"wp:term":[{"taxonomy":"product_brand","embeddable":true,"href":"https:\/\/haafer.com\/site\/wp-json\/wp\/v2\/product_brand?post=5802"},{"taxonomy":"product_cat","embeddable":true,"href":"https:\/\/haafer.com\/site\/wp-json\/wp\/v2\/product_cat?post=5802"},{"taxonomy":"product_tag","embeddable":true,"href":"https:\/\/haafer.com\/site\/wp-json\/wp\/v2\/product_tag?post=5802"}],"curies":[{"name":"wp","href":"https:\/\/api.w.org\/{rel}","templated":true}]}}