{"id":5809,"date":"2024-08-01T17:37:03","date_gmt":"2024-08-01T20:37:03","guid":{"rendered":"https:\/\/haafer.com\/site\/?post_type=product&#038;p=5809"},"modified":"2025-11-28T12:54:06","modified_gmt":"2025-11-28T15:54:06","slug":"vaso-kiddy-cup-300-ml-rey-leon","status":"publish","type":"product","link":"https:\/\/haafer.com\/site\/producto\/vaso-kiddy-cup-300-ml-rey-leon\/","title":{"rendered":"Vaso Kiddy Cup 300 ml REY LEON"},"content":{"rendered":"<p>Al igual que con todos los vasos NUK, el Vaso NUK Kiddy Cup tambi\u00e9n es a prueba de derrames, por lo que todo en la cama se mantiene c\u00f3modo y seco. Y, por supuesto: vienen en adorables colores con lindos motivos, dise\u00f1ados espec\u00edficamente para la hora de dormir de ensue\u00f1o.<\/p>\n","protected":false},"excerpt":{"rendered":"<p>Al igual que con todos los vasos NUK, el Vaso NUK Kiddy Cup tambi\u00e9n es a prueba de derrames, por<\/p>\n","protected":false},"featured_media":5869,"comment_status":"open","ping_status":"closed","template":"","meta":[],"product_brand":[],"product_cat":[102,125],"product_tag":[],"class_list":{"0":"post-5809","1":"product","2":"type-product","3":"status-publish","4":"has-post-thumbnail","6":"product_cat-nuk","7":"product_cat-vasos-nuk","9":"first","10":"instock","11":"shipping-taxable","12":"purchasable","13":"product-type-simple"},"_links":{"self":[{"href":"https:\/\/haafer.com\/site\/wp-json\/wp\/v2\/product\/5809","targetHints":{"allow":["GET"]}}],"collection":[{"href":"https:\/\/haafer.com\/site\/wp-json\/wp\/v2\/product"}],"about":[{"href":"https:\/\/haafer.com\/site\/wp-json\/wp\/v2\/types\/product"}],"replies":[{"embeddable":true,"href":"https:\/\/haafer.com\/site\/wp-json\/wp\/v2\/comments?post=5809"}],"wp:featuredmedia":[{"embeddable":true,"href":"https:\/\/haafer.com\/site\/wp-json\/wp\/v2\/media\/5869"}],"wp:attachment":[{"href":"https:\/\/haafer.com\/site\/wp-json\/wp\/v2\/media?parent=5809"}],"wp:term":[{"taxonomy":"product_brand","embeddable":true,"href":"https:\/\/haafer.com\/site\/wp-json\/wp\/v2\/product_brand?post=5809"},{"taxonomy":"product_cat","embeddable":true,"href":"https:\/\/haafer.com\/site\/wp-json\/wp\/v2\/product_cat?post=5809"},{"taxonomy":"product_tag","embeddable":true,"href":"https:\/\/haafer.com\/site\/wp-json\/wp\/v2\/product_tag?post=5809"}],"curies":[{"name":"wp","href":"https:\/\/api.w.org\/{rel}","templated":true}]}}