{"id":5812,"date":"2024-08-01T17:37:04","date_gmt":"2024-08-01T20:37:04","guid":{"rendered":"https:\/\/haafer.com\/site\/?post_type=product&#038;p=5812"},"modified":"2025-11-28T12:49:39","modified_gmt":"2025-11-28T15:49:39","slug":"descongestionador-nasal-2","status":"publish","type":"product","link":"https:\/\/haafer.com\/site\/producto\/descongestionador-nasal-2\/","title":{"rendered":"Descongestionador Nasal"},"content":{"rendered":"<p>Aspirador Nasal Nuk Sacamocos Bebe Descongestionador Nasal<\/p>\n<p>Una gran ayuda para una peque\u00f1a nariz: el NUK Descongestionador Nasal desbloquea la nariz del beb\u00e9 suavemente y con seguridad. Simplemente apriete el bulbo de la bomba y luego introduzca la boquilla en el orificio nasal del beb\u00e9. A continuaci\u00f3n, cierre suavemente la otra fosa nasal con el dedo y libere lentamente la presi\u00f3n en el bulbo para aliviar la congesti\u00f3n.<\/p>\n<p>La boquilla de seguridad amplia impide que el Descongestionador se introduzca demasiado profundo en la nariz del beb\u00e9. Incluye un repuesto de la boquilla.<\/p>\n","protected":false},"excerpt":{"rendered":"<p>Aspirador Nasal Nuk Sacamocos Bebe Descongestionador Nasal Una gran ayuda para una peque\u00f1a nariz: el NUK Descongestionador Nasal desbloquea la<\/p>\n","protected":false},"featured_media":5873,"comment_status":"open","ping_status":"closed","template":"","meta":[],"product_brand":[],"product_cat":[151,129,102],"product_tag":[],"class_list":{"0":"post-5812","1":"product","2":"type-product","3":"status-publish","4":"has-post-thumbnail","6":"product_cat-cuidado-del-bebe","7":"product_cat-cubiertos-y-vajillas","8":"product_cat-nuk","10":"first","11":"instock","12":"shipping-taxable","13":"purchasable","14":"product-type-simple"},"_links":{"self":[{"href":"https:\/\/haafer.com\/site\/wp-json\/wp\/v2\/product\/5812","targetHints":{"allow":["GET"]}}],"collection":[{"href":"https:\/\/haafer.com\/site\/wp-json\/wp\/v2\/product"}],"about":[{"href":"https:\/\/haafer.com\/site\/wp-json\/wp\/v2\/types\/product"}],"replies":[{"embeddable":true,"href":"https:\/\/haafer.com\/site\/wp-json\/wp\/v2\/comments?post=5812"}],"wp:featuredmedia":[{"embeddable":true,"href":"https:\/\/haafer.com\/site\/wp-json\/wp\/v2\/media\/5873"}],"wp:attachment":[{"href":"https:\/\/haafer.com\/site\/wp-json\/wp\/v2\/media?parent=5812"}],"wp:term":[{"taxonomy":"product_brand","embeddable":true,"href":"https:\/\/haafer.com\/site\/wp-json\/wp\/v2\/product_brand?post=5812"},{"taxonomy":"product_cat","embeddable":true,"href":"https:\/\/haafer.com\/site\/wp-json\/wp\/v2\/product_cat?post=5812"},{"taxonomy":"product_tag","embeddable":true,"href":"https:\/\/haafer.com\/site\/wp-json\/wp\/v2\/product_tag?post=5812"}],"curies":[{"name":"wp","href":"https:\/\/api.w.org\/{rel}","templated":true}]}}