{"id":5814,"date":"2024-08-01T17:37:05","date_gmt":"2024-08-01T20:37:05","guid":{"rendered":"https:\/\/haafer.com\/site\/?post_type=product&#038;p=5814"},"modified":"2025-11-28T11:51:58","modified_gmt":"2025-11-28T14:51:58","slug":"alicate-corta-unas-2","status":"publish","type":"product","link":"https:\/\/haafer.com\/site\/producto\/alicate-corta-unas-2\/","title":{"rendered":"Alicate corta u\u00f1as"},"content":{"rendered":"<p>Superficie de corte redondeado para cortar las u\u00f1as del beb\u00e9 con facilidad y precisi\u00f3n<br \/>\nDise\u00f1o especial con agarre c\u00f3modo para sostenerlo de forma segura<br \/>\nSencillo y seguro de usar gracias lazo redondo para el dedo y la superficie antideslizante en la plataforma de la palanca<br \/>\nLas u\u00f1as cortadas quedan en el mango, de manera limpia e higi\u00e9nica<br \/>\nDise\u00f1o atractivo con piezas de acero inoxidable<\/p>\n","protected":false},"excerpt":{"rendered":"<p>Superficie de corte redondeado para cortar las u\u00f1as del beb\u00e9 con facilidad y precisi\u00f3n Dise\u00f1o especial con agarre c\u00f3modo para<\/p>\n","protected":false},"featured_media":5875,"comment_status":"open","ping_status":"closed","template":"","meta":[],"product_brand":[],"product_cat":[151,129,102],"product_tag":[],"class_list":{"0":"post-5814","1":"product","2":"type-product","3":"status-publish","4":"has-post-thumbnail","6":"product_cat-cuidado-del-bebe","7":"product_cat-cubiertos-y-vajillas","8":"product_cat-nuk","10":"first","11":"instock","12":"shipping-taxable","13":"purchasable","14":"product-type-simple"},"_links":{"self":[{"href":"https:\/\/haafer.com\/site\/wp-json\/wp\/v2\/product\/5814","targetHints":{"allow":["GET"]}}],"collection":[{"href":"https:\/\/haafer.com\/site\/wp-json\/wp\/v2\/product"}],"about":[{"href":"https:\/\/haafer.com\/site\/wp-json\/wp\/v2\/types\/product"}],"replies":[{"embeddable":true,"href":"https:\/\/haafer.com\/site\/wp-json\/wp\/v2\/comments?post=5814"}],"wp:featuredmedia":[{"embeddable":true,"href":"https:\/\/haafer.com\/site\/wp-json\/wp\/v2\/media\/5875"}],"wp:attachment":[{"href":"https:\/\/haafer.com\/site\/wp-json\/wp\/v2\/media?parent=5814"}],"wp:term":[{"taxonomy":"product_brand","embeddable":true,"href":"https:\/\/haafer.com\/site\/wp-json\/wp\/v2\/product_brand?post=5814"},{"taxonomy":"product_cat","embeddable":true,"href":"https:\/\/haafer.com\/site\/wp-json\/wp\/v2\/product_cat?post=5814"},{"taxonomy":"product_tag","embeddable":true,"href":"https:\/\/haafer.com\/site\/wp-json\/wp\/v2\/product_tag?post=5814"}],"curies":[{"name":"wp","href":"https:\/\/api.w.org\/{rel}","templated":true}]}}