{"id":5815,"date":"2024-08-01T17:37:05","date_gmt":"2024-08-01T20:37:05","guid":{"rendered":"https:\/\/haafer.com\/site\/?post_type=product&#038;p=5815"},"modified":"2025-11-28T11:52:35","modified_gmt":"2025-11-28T14:52:35","slug":"esterilizador-de-microondas-express-plus-2","status":"publish","type":"product","link":"https:\/\/haafer.com\/site\/producto\/esterilizador-de-microondas-express-plus-2\/","title":{"rendered":"Esterilizador de Microondas Express Plus"},"content":{"rendered":"<p>Ideal para los accesorios de alimentaci\u00f3n del bebe que se utilizan a diario. La esterilizaci\u00f3n se realiza por vapor, en 4 minutos, sin ning\u00fan tipo de productos qu\u00edmicos (ajuste de potencia de microondas 1000-1300 vatios).<\/p>\n<p>&#8211; Esteriliza mamaderas y accesorios en s\u00f3lo 4 minutos<br \/>\n&#8211; Adecuado para todas las mamaderas NUK<br \/>\n&#8211; Incluye pinza para retirar las mamaderas higi\u00e9nicamente<br \/>\n&#8211; Con capacidad para hasta 4 mamaderas NUK al mismo tiempo.<br \/>\n&#8211; F\u00e1cil de usar y solo tiene 3 piezas<\/p>\n<p>Gracias al soporte de la base, las botellas est\u00e1n en la posici\u00f3n correcta para el secado.<br \/>\nSe ajusta a todos los microondas est\u00e1ndar con un interior m\u00ednimo de 187mm de altura y 280 mm de ancho y profundidad.<\/p>\n<p>Es adecuado para mamaderas de todas las formas y tama\u00f1os que est\u00e1n hechos de material apto para microondas. Es transparente para que pueda comprobar el estado del proceso de esterilizaci\u00f3n. Una vez terminado, se puede simplemente limpiar con un pa\u00f1o y, si necesita ser limpiado, tambi\u00e9n es apto para el lavavajillas.<\/p>\n","protected":false},"excerpt":{"rendered":"<p>Ideal para los accesorios de alimentaci\u00f3n del bebe que se utilizan a diario. La esterilizaci\u00f3n se realiza por vapor, en<\/p>\n","protected":false},"featured_media":5876,"comment_status":"open","ping_status":"closed","template":"","meta":[],"product_brand":[],"product_cat":[153,130,102],"product_tag":[],"class_list":{"0":"post-5815","1":"product","2":"type-product","3":"status-publish","4":"has-post-thumbnail","6":"product_cat-higiene","7":"product_cat-higiene-para-el-hogar","8":"product_cat-nuk","10":"first","11":"instock","12":"shipping-taxable","13":"purchasable","14":"product-type-simple"},"_links":{"self":[{"href":"https:\/\/haafer.com\/site\/wp-json\/wp\/v2\/product\/5815","targetHints":{"allow":["GET"]}}],"collection":[{"href":"https:\/\/haafer.com\/site\/wp-json\/wp\/v2\/product"}],"about":[{"href":"https:\/\/haafer.com\/site\/wp-json\/wp\/v2\/types\/product"}],"replies":[{"embeddable":true,"href":"https:\/\/haafer.com\/site\/wp-json\/wp\/v2\/comments?post=5815"}],"wp:featuredmedia":[{"embeddable":true,"href":"https:\/\/haafer.com\/site\/wp-json\/wp\/v2\/media\/5876"}],"wp:attachment":[{"href":"https:\/\/haafer.com\/site\/wp-json\/wp\/v2\/media?parent=5815"}],"wp:term":[{"taxonomy":"product_brand","embeddable":true,"href":"https:\/\/haafer.com\/site\/wp-json\/wp\/v2\/product_brand?post=5815"},{"taxonomy":"product_cat","embeddable":true,"href":"https:\/\/haafer.com\/site\/wp-json\/wp\/v2\/product_cat?post=5815"},{"taxonomy":"product_tag","embeddable":true,"href":"https:\/\/haafer.com\/site\/wp-json\/wp\/v2\/product_tag?post=5815"}],"curies":[{"name":"wp","href":"https:\/\/api.w.org\/{rel}","templated":true}]}}