{"id":5824,"date":"2024-08-01T17:37:07","date_gmt":"2024-08-01T20:37:07","guid":{"rendered":"https:\/\/haafer.com\/site\/?post_type=product&#038;p=5824"},"modified":"2025-11-28T11:50:47","modified_gmt":"2025-11-28T14:50:47","slug":"set-de-2-chup-sensitive-0-6-meses-azul-verde","status":"publish","type":"product","link":"https:\/\/haafer.com\/site\/producto\/set-de-2-chup-sensitive-0-6-meses-azul-verde\/","title":{"rendered":"Set de 2 Chup. Sensitive 0-6 meses Azul-Verde"},"content":{"rendered":"<p>Chupete NUK Sensitive<br \/>\nElaborado 100% de silicona extra suave y flexible.<br \/>\nCon escudo ligeramente curvo que envuelve suavemente la cara sin tapar la nariz, ni interferir en la respiraci\u00f3n.<br \/>\nForma de la tetina basada en el pez\u00f3n materno durante el amamantamiento, que se adapta perfectamente a la boca cuando el beb\u00e9 succiona.<br \/>\nM\u00e1s amable con los dientes gracias a su forma mejorada que reduce la presi\u00f3n en la mand\u00edbula y evita los dientes desalineados.<br \/>\nDisponible para 0-6m.<br \/>\nEstuche doble apto para transporte y esterilizaci\u00f3n.<br \/>\nPresentaci\u00f3n: 2 unidades por estuche.<\/p>\n","protected":false},"excerpt":{"rendered":"<p>Chupete NUK Sensitive Elaborado 100% de silicona extra suave y flexible. Con escudo ligeramente curvo que envuelve suavemente la cara<\/p>\n","protected":false},"featured_media":5882,"comment_status":"open","ping_status":"closed","template":"","meta":[],"product_brand":[],"product_cat":[126,102],"product_tag":[],"class_list":{"0":"post-5824","1":"product","2":"type-product","3":"status-publish","4":"has-post-thumbnail","6":"product_cat-chupetes-y-accesorios","7":"product_cat-nuk","9":"first","10":"outofstock","11":"shipping-taxable","12":"purchasable","13":"product-type-simple"},"_links":{"self":[{"href":"https:\/\/haafer.com\/site\/wp-json\/wp\/v2\/product\/5824","targetHints":{"allow":["GET"]}}],"collection":[{"href":"https:\/\/haafer.com\/site\/wp-json\/wp\/v2\/product"}],"about":[{"href":"https:\/\/haafer.com\/site\/wp-json\/wp\/v2\/types\/product"}],"replies":[{"embeddable":true,"href":"https:\/\/haafer.com\/site\/wp-json\/wp\/v2\/comments?post=5824"}],"wp:featuredmedia":[{"embeddable":true,"href":"https:\/\/haafer.com\/site\/wp-json\/wp\/v2\/media\/5882"}],"wp:attachment":[{"href":"https:\/\/haafer.com\/site\/wp-json\/wp\/v2\/media?parent=5824"}],"wp:term":[{"taxonomy":"product_brand","embeddable":true,"href":"https:\/\/haafer.com\/site\/wp-json\/wp\/v2\/product_brand?post=5824"},{"taxonomy":"product_cat","embeddable":true,"href":"https:\/\/haafer.com\/site\/wp-json\/wp\/v2\/product_cat?post=5824"},{"taxonomy":"product_tag","embeddable":true,"href":"https:\/\/haafer.com\/site\/wp-json\/wp\/v2\/product_tag?post=5824"}],"curies":[{"name":"wp","href":"https:\/\/api.w.org\/{rel}","templated":true}]}}