{"id":5830,"date":"2024-08-01T17:37:10","date_gmt":"2024-08-01T20:37:10","guid":{"rendered":"https:\/\/haafer.com\/site\/?post_type=product&#038;p=5830"},"modified":"2025-11-28T11:39:07","modified_gmt":"2025-11-28T14:39:07","slug":"set-de-2-chup-space-winnie-the-pooh-0-6-meses","status":"publish","type":"product","link":"https:\/\/haafer.com\/site\/producto\/set-de-2-chup-space-winnie-the-pooh-0-6-meses\/","title":{"rendered":"Set de 2 Chup. Space WINNIE THE POOH 0-6 meses"},"content":{"rendered":"<p>Set de 2 chupetes NUK Space Disney Winnie The Pooh para beb\u00e9s de 0 a 6 meses.<\/p>\n<p>El Chupete NUK Space cuida especialmente la piel sensible del beb\u00e9. Sus aberturas extra grandes permiten una m\u00e1xima circulaci\u00f3n de aire, permitiendo que la piel respire mejor.<\/p>\n<p>Al succionar, los beb\u00e9s ejercitan y entrenan varios m\u00fasculos que necesitan para tragar, masticar, y hablar bien a medida que crecen. El dise\u00f1o del Chupete NUK Space es plano y angosto para poder adaptarse bien en la boca peque\u00f1a del beb\u00e9 a la vez que, le deja suficiente espacio a la lengua para los movimientos naturales de succi\u00f3n.<\/p>\n<p>Vienen en una caja resistente y reutilizable, que mantiene los chupetes limpios y los protege, sobre todo para cuando est\u00e1s fuera y es una soluci\u00f3n ideal para evitar que se ensucien o se mojen. Adem\u00e1s, es apto para la limpieza higi\u00e9nica en el microondas.<\/p>\n<p>Caracter\u00edsticas:<br \/>\n&#8211; Permite que la suave piel del beb\u00e9 respire<br \/>\n&#8211; Liviano y aireado viene con una l\u00ednea de simp\u00e1ticos dise\u00f1os<br \/>\n&#8211; Forma de la tetina basada en el pez\u00f3n materno durante el amamantamiento, que se adapta perfectamente a la boca cuando el beb\u00e9 succiona.<br \/>\n&#8211; M\u00e1s amable con los dientes gracias a su forma mejorada que reduce la presi\u00f3n en la mand\u00edbula y evita los dientes desalineados.<br \/>\n&#8211; Estuche doble apto para transporte y esterilizaci\u00f3n en microondas (4 min. 700-1000W)<br \/>\n&#8211; Libre de BPA<br \/>\n&#8211; Hecho en Alemania<\/p>\n<p>Incluye:<br \/>\n&gt; 2 Chupetes Nuk Space Disney Winnie The Pooh para beb\u00e9s de 0 a 6 meses.<br \/>\n&gt; 1 Estuche apto para transporte e higienizaci\u00f3n en microondas.<\/p>\n","protected":false},"excerpt":{"rendered":"<p>Set de 2 chupetes NUK Space Disney Winnie The Pooh para beb\u00e9s de 0 a 6 meses. El Chupete NUK<\/p>\n","protected":false},"featured_media":5888,"comment_status":"open","ping_status":"closed","template":"","meta":[],"product_brand":[],"product_cat":[126,102],"product_tag":[],"class_list":{"0":"post-5830","1":"product","2":"type-product","3":"status-publish","4":"has-post-thumbnail","6":"product_cat-chupetes-y-accesorios","7":"product_cat-nuk","9":"first","10":"instock","11":"shipping-taxable","12":"purchasable","13":"product-type-simple"},"_links":{"self":[{"href":"https:\/\/haafer.com\/site\/wp-json\/wp\/v2\/product\/5830","targetHints":{"allow":["GET"]}}],"collection":[{"href":"https:\/\/haafer.com\/site\/wp-json\/wp\/v2\/product"}],"about":[{"href":"https:\/\/haafer.com\/site\/wp-json\/wp\/v2\/types\/product"}],"replies":[{"embeddable":true,"href":"https:\/\/haafer.com\/site\/wp-json\/wp\/v2\/comments?post=5830"}],"wp:featuredmedia":[{"embeddable":true,"href":"https:\/\/haafer.com\/site\/wp-json\/wp\/v2\/media\/5888"}],"wp:attachment":[{"href":"https:\/\/haafer.com\/site\/wp-json\/wp\/v2\/media?parent=5830"}],"wp:term":[{"taxonomy":"product_brand","embeddable":true,"href":"https:\/\/haafer.com\/site\/wp-json\/wp\/v2\/product_brand?post=5830"},{"taxonomy":"product_cat","embeddable":true,"href":"https:\/\/haafer.com\/site\/wp-json\/wp\/v2\/product_cat?post=5830"},{"taxonomy":"product_tag","embeddable":true,"href":"https:\/\/haafer.com\/site\/wp-json\/wp\/v2\/product_tag?post=5830"}],"curies":[{"name":"wp","href":"https:\/\/api.w.org\/{rel}","templated":true}]}}