{"id":5831,"date":"2024-08-01T17:37:10","date_gmt":"2024-08-01T20:37:10","guid":{"rendered":"https:\/\/haafer.com\/site\/?post_type=product&#038;p=5831"},"modified":"2025-11-28T11:39:37","modified_gmt":"2025-11-28T14:39:37","slug":"set-de-2-chup-mommyfeel-0-9-meses-celeste-gris","status":"publish","type":"product","link":"https:\/\/haafer.com\/site\/producto\/set-de-2-chup-mommyfeel-0-9-meses-celeste-gris\/","title":{"rendered":"Set de 2 Chup. MommyFeel 0-9 meses Celeste\/Gris"},"content":{"rendered":"<p>NUK MommyFeel, chupete de silicona para garantizar una lactancia, 0-9 meses, 2 piezas<\/p>\n<p>NUK MommyFeel, el chupete con la sensaci\u00f3n de mam\u00e1<\/p>\n<p>La relaci\u00f3n que se crea entre una madre y un beb\u00e9 con la lactancia es preciosa y delicada. Es por eso que NUK MommyFeel tiene un dise\u00f1o especial: calma sin afectar la relaci\u00f3n de lactancia. La tetina tiene la forma del pez\u00f3n de mam\u00e1 y la silicona que lo compone es tan suave como su piel.<\/p>\n<p>Otra ventaja del chupete es que solo los labios del beb\u00e9 tocan la tetina. De esta manera, la delicada piel sensible que hay alrededor de la boca permanece abierta al aire. Esto significa que NUK MommyFeel no causa marcas de presi\u00f3n y previene irritaciones en la piel. En la lactancia, los beb\u00e9s ya sabr\u00e1n c\u00f3mo apoyar los labios suavemente sobre el chupete: una de las principales razones por las que los expertos m\u00e9dicos recomiendan este chupete. Y, naturalmente, NUK MommyFeel tambi\u00e9n tiene la forma original de NUK, la mejor forma para los dientes, la mand\u00edbula y el paladar. Esto hace que NUK MommyFeel sea la mejor opci\u00f3n para una relaci\u00f3n de lactancia sin problemas.<\/p>\n","protected":false},"excerpt":{"rendered":"<p>NUK MommyFeel, chupete de silicona para garantizar una lactancia, 0-9 meses, 2 piezas NUK MommyFeel, el chupete con la sensaci\u00f3n<\/p>\n","protected":false},"featured_media":5889,"comment_status":"open","ping_status":"closed","template":"","meta":[],"product_brand":[],"product_cat":[126,102],"product_tag":[],"class_list":{"0":"post-5831","1":"product","2":"type-product","3":"status-publish","4":"has-post-thumbnail","6":"product_cat-chupetes-y-accesorios","7":"product_cat-nuk","9":"first","10":"instock","11":"shipping-taxable","12":"purchasable","13":"product-type-simple"},"_links":{"self":[{"href":"https:\/\/haafer.com\/site\/wp-json\/wp\/v2\/product\/5831","targetHints":{"allow":["GET"]}}],"collection":[{"href":"https:\/\/haafer.com\/site\/wp-json\/wp\/v2\/product"}],"about":[{"href":"https:\/\/haafer.com\/site\/wp-json\/wp\/v2\/types\/product"}],"replies":[{"embeddable":true,"href":"https:\/\/haafer.com\/site\/wp-json\/wp\/v2\/comments?post=5831"}],"wp:featuredmedia":[{"embeddable":true,"href":"https:\/\/haafer.com\/site\/wp-json\/wp\/v2\/media\/5889"}],"wp:attachment":[{"href":"https:\/\/haafer.com\/site\/wp-json\/wp\/v2\/media?parent=5831"}],"wp:term":[{"taxonomy":"product_brand","embeddable":true,"href":"https:\/\/haafer.com\/site\/wp-json\/wp\/v2\/product_brand?post=5831"},{"taxonomy":"product_cat","embeddable":true,"href":"https:\/\/haafer.com\/site\/wp-json\/wp\/v2\/product_cat?post=5831"},{"taxonomy":"product_tag","embeddable":true,"href":"https:\/\/haafer.com\/site\/wp-json\/wp\/v2\/product_tag?post=5831"}],"curies":[{"name":"wp","href":"https:\/\/api.w.org\/{rel}","templated":true}]}}