{"id":5834,"date":"2024-08-01T17:37:11","date_gmt":"2024-08-01T20:37:11","guid":{"rendered":"https:\/\/haafer.com\/site\/?post_type=product&#038;p=5834"},"modified":"2025-11-28T11:23:51","modified_gmt":"2025-11-28T14:23:51","slug":"set-de-2-chup-space-6-18-meses-leon-sol","status":"publish","type":"product","link":"https:\/\/haafer.com\/site\/producto\/set-de-2-chup-space-6-18-meses-leon-sol\/","title":{"rendered":"Set de 2 Chup. Space 6-18 meses Le\u00f3n\/Sol"},"content":{"rendered":"<p>Permite que la suave piel del beb\u00e9 respire<br \/>\nLos chupetes a menudo son peque\u00f1os ayudantes para calmar a los beb\u00e9s y satisfacer su necesidad innata de succi\u00f3n. El Chupete NUK Space cuida especialmente la piel sensible del beb\u00e9. Sus aberturas extra grandes permiten una m\u00e1xima circulaci\u00f3n de aire, permitiendo que la piel respire mejor.<\/p>\n<p>Al succionar, los beb\u00e9s ejercitan y entrenan varios m\u00fasculos que necesitan para tragar, masticar, y hablar bien a medida que crecen. El dise\u00f1o del Chupete NUK Space es plano y angosto para poder adaptarse bien en la boca peque\u00f1a del beb\u00e9 a la vez que, le deja suficiente espacio a la lengua para los movimientos naturales de succi\u00f3n.<\/p>\n<p>&#8211; Forma ortod\u00f3ntica<br \/>\n&#8211; Inspirado en el ejemplo natural<br \/>\n&#8211; Cuello de la tetina mas delgado y angosto<br \/>\n&#8211; Tetina m\u00e1s plana y suave por debajo<\/p>\n","protected":false},"excerpt":{"rendered":"<p>Permite que la suave piel del beb\u00e9 respire Los chupetes a menudo son peque\u00f1os ayudantes para calmar a los beb\u00e9s<\/p>\n","protected":false},"featured_media":5895,"comment_status":"open","ping_status":"closed","template":"","meta":[],"product_brand":[],"product_cat":[126,102],"product_tag":[],"class_list":{"0":"post-5834","1":"product","2":"type-product","3":"status-publish","4":"has-post-thumbnail","6":"product_cat-chupetes-y-accesorios","7":"product_cat-nuk","9":"first","10":"instock","11":"shipping-taxable","12":"purchasable","13":"product-type-simple"},"_links":{"self":[{"href":"https:\/\/haafer.com\/site\/wp-json\/wp\/v2\/product\/5834","targetHints":{"allow":["GET"]}}],"collection":[{"href":"https:\/\/haafer.com\/site\/wp-json\/wp\/v2\/product"}],"about":[{"href":"https:\/\/haafer.com\/site\/wp-json\/wp\/v2\/types\/product"}],"replies":[{"embeddable":true,"href":"https:\/\/haafer.com\/site\/wp-json\/wp\/v2\/comments?post=5834"}],"wp:featuredmedia":[{"embeddable":true,"href":"https:\/\/haafer.com\/site\/wp-json\/wp\/v2\/media\/5895"}],"wp:attachment":[{"href":"https:\/\/haafer.com\/site\/wp-json\/wp\/v2\/media?parent=5834"}],"wp:term":[{"taxonomy":"product_brand","embeddable":true,"href":"https:\/\/haafer.com\/site\/wp-json\/wp\/v2\/product_brand?post=5834"},{"taxonomy":"product_cat","embeddable":true,"href":"https:\/\/haafer.com\/site\/wp-json\/wp\/v2\/product_cat?post=5834"},{"taxonomy":"product_tag","embeddable":true,"href":"https:\/\/haafer.com\/site\/wp-json\/wp\/v2\/product_tag?post=5834"}],"curies":[{"name":"wp","href":"https:\/\/api.w.org\/{rel}","templated":true}]}}