{"id":5835,"date":"2024-08-01T17:37:11","date_gmt":"2024-08-01T20:37:11","guid":{"rendered":"https:\/\/haafer.com\/site\/?post_type=product&#038;p=5835"},"modified":"2025-11-28T11:25:17","modified_gmt":"2025-11-28T14:25:17","slug":"set-de-2-chup-space-18-36-meses-cebra-sol","status":"publish","type":"product","link":"https:\/\/haafer.com\/site\/producto\/set-de-2-chup-space-18-36-meses-cebra-sol\/","title":{"rendered":"Set de 2 Chup. Space 18-36 meses Cebra\/Sol"},"content":{"rendered":"<p>El chupete x2u de NUK es una combinaci\u00f3n de comodidad, seguridad y estilo para tu peque\u00f1o. Disponible en tres tama\u00f1os: 0-6 meses, 6-18 meses y 18-36 meses, est\u00e1 dise\u00f1ado para adaptarse a las necesidades de tu beb\u00e9 a medida que crece.<\/p>\n<p>Cada chupete tiene un estampado de animalitos que a\u00f1ade un toque de diversi\u00f3n y dulzura a la rutina diaria de tu peque\u00f1o. Los dise\u00f1os coloridos y amigables hacen que el chupete sea atractivo y agradable para los m\u00e1s peque\u00f1os.<\/p>\n<p>El chupete x2u de NUK est\u00e1 dise\u00f1ado con la comodidad y seguridad en mente. Su forma ortod\u00f3ntica se adapta naturalmente al paladar del beb\u00e9, promoviendo un desarrollo oral saludable. El escudo del chupete est\u00e1 dise\u00f1ado para proporcionar un ajuste c\u00f3modo y seguro, reduciendo las posibilidades de irritaci\u00f3n en la piel.<\/p>\n<p>El chupete x2u de NUK es una combinaci\u00f3n de funcionalidad y estilo que har\u00e1 sonre\u00edr tanto a tu beb\u00e9 como a ti. Haz que cada momento sea especial con los chupetes x2u de NUK.<\/p>\n","protected":false},"excerpt":{"rendered":"<p>El chupete x2u de NUK es una combinaci\u00f3n de comodidad, seguridad y estilo para tu peque\u00f1o. Disponible en tres tama\u00f1os:<\/p>\n","protected":false},"featured_media":5896,"comment_status":"open","ping_status":"closed","template":"","meta":[],"product_brand":[],"product_cat":[126,102],"product_tag":[],"class_list":{"0":"post-5835","1":"product","2":"type-product","3":"status-publish","4":"has-post-thumbnail","6":"product_cat-chupetes-y-accesorios","7":"product_cat-nuk","9":"first","10":"instock","11":"shipping-taxable","12":"purchasable","13":"product-type-simple"},"_links":{"self":[{"href":"https:\/\/haafer.com\/site\/wp-json\/wp\/v2\/product\/5835","targetHints":{"allow":["GET"]}}],"collection":[{"href":"https:\/\/haafer.com\/site\/wp-json\/wp\/v2\/product"}],"about":[{"href":"https:\/\/haafer.com\/site\/wp-json\/wp\/v2\/types\/product"}],"replies":[{"embeddable":true,"href":"https:\/\/haafer.com\/site\/wp-json\/wp\/v2\/comments?post=5835"}],"wp:featuredmedia":[{"embeddable":true,"href":"https:\/\/haafer.com\/site\/wp-json\/wp\/v2\/media\/5896"}],"wp:attachment":[{"href":"https:\/\/haafer.com\/site\/wp-json\/wp\/v2\/media?parent=5835"}],"wp:term":[{"taxonomy":"product_brand","embeddable":true,"href":"https:\/\/haafer.com\/site\/wp-json\/wp\/v2\/product_brand?post=5835"},{"taxonomy":"product_cat","embeddable":true,"href":"https:\/\/haafer.com\/site\/wp-json\/wp\/v2\/product_cat?post=5835"},{"taxonomy":"product_tag","embeddable":true,"href":"https:\/\/haafer.com\/site\/wp-json\/wp\/v2\/product_tag?post=5835"}],"curies":[{"name":"wp","href":"https:\/\/api.w.org\/{rel}","templated":true}]}}