{"id":5836,"date":"2024-08-01T17:37:11","date_gmt":"2024-08-01T20:37:11","guid":{"rendered":"https:\/\/haafer.com\/site\/?post_type=product&#038;p=5836"},"modified":"2025-11-28T11:25:48","modified_gmt":"2025-11-28T14:25:48","slug":"set-de-2-chup-space-18-36-meses-leon-sol","status":"publish","type":"product","link":"https:\/\/haafer.com\/site\/producto\/set-de-2-chup-space-18-36-meses-leon-sol\/","title":{"rendered":"Set de 2 Chup. Space 18-36 meses Le\u00f3n\/Sol"},"content":{"rendered":"<p>Formato original NUK mejorado: basado en la forma del pez\u00f3n materno al amamantar.<br \/>\nCuello de la tetina m\u00e1s delgado y angosto: reduce la presi\u00f3n sobre las mand\u00edbulas y los dientes.<br \/>\nTetina plana y parte inferior lisa: m\u00e1s espacio para movimientos naturales de la lengua al succionar.<br \/>\nTalle 3: 18-36 Meses.<br \/>\nEstuche doble apto para transporte y esterilizaci\u00f3n.<\/p>\n","protected":false},"excerpt":{"rendered":"<p>Formato original NUK mejorado: basado en la forma del pez\u00f3n materno al amamantar. Cuello de la tetina m\u00e1s delgado y<\/p>\n","protected":false},"featured_media":5897,"comment_status":"open","ping_status":"closed","template":"","meta":[],"product_brand":[],"product_cat":[141,126,102],"product_tag":[],"class_list":{"0":"post-5836","1":"product","2":"type-product","3":"status-publish","4":"has-post-thumbnail","6":"product_cat-chupetes-de-silicona","7":"product_cat-chupetes-y-accesorios","8":"product_cat-nuk","10":"first","11":"instock","12":"shipping-taxable","13":"purchasable","14":"product-type-simple"},"_links":{"self":[{"href":"https:\/\/haafer.com\/site\/wp-json\/wp\/v2\/product\/5836","targetHints":{"allow":["GET"]}}],"collection":[{"href":"https:\/\/haafer.com\/site\/wp-json\/wp\/v2\/product"}],"about":[{"href":"https:\/\/haafer.com\/site\/wp-json\/wp\/v2\/types\/product"}],"replies":[{"embeddable":true,"href":"https:\/\/haafer.com\/site\/wp-json\/wp\/v2\/comments?post=5836"}],"wp:featuredmedia":[{"embeddable":true,"href":"https:\/\/haafer.com\/site\/wp-json\/wp\/v2\/media\/5897"}],"wp:attachment":[{"href":"https:\/\/haafer.com\/site\/wp-json\/wp\/v2\/media?parent=5836"}],"wp:term":[{"taxonomy":"product_brand","embeddable":true,"href":"https:\/\/haafer.com\/site\/wp-json\/wp\/v2\/product_brand?post=5836"},{"taxonomy":"product_cat","embeddable":true,"href":"https:\/\/haafer.com\/site\/wp-json\/wp\/v2\/product_cat?post=5836"},{"taxonomy":"product_tag","embeddable":true,"href":"https:\/\/haafer.com\/site\/wp-json\/wp\/v2\/product_tag?post=5836"}],"curies":[{"name":"wp","href":"https:\/\/api.w.org\/{rel}","templated":true}]}}