{"id":5837,"date":"2024-08-01T17:37:11","date_gmt":"2024-08-01T20:37:11","guid":{"rendered":"https:\/\/haafer.com\/site\/?post_type=product&#038;p=5837"},"modified":"2025-11-28T11:37:23","modified_gmt":"2025-11-28T14:37:23","slug":"mamadera-nuk-for-nature-260-ml-con-control-de-temperatura","status":"publish","type":"product","link":"https:\/\/haafer.com\/site\/producto\/mamadera-nuk-for-nature-260-ml-con-control-de-temperatura\/","title":{"rendered":"Mamadera NUK for NATURE 260 ml con Control de Temperatura"},"content":{"rendered":"<p>Naturalmente sostenible.<\/p>\n<p>Porque sostenible es naturalmente mejor. Es por eso que cada producto NUK for Nature est\u00e1 hecho de materiales sostenibles. Estos incluyen pl\u00e1stico sostenible, caucho natural y silicona sostenible. Los envases fabricados con papel 100% de origen sostenible son totalmente reciclables. Y para reducir a\u00fan m\u00e1s la huella de CO2, ser amigable con el clima est\u00e1 en el centro de todo, desde la materia prima hasta la producci\u00f3n con electricidad verde.<\/p>\n<p>NUK para la Naturaleza. Sostenible desde el principio.<\/p>\n<p>Varios orificios peque\u00f1os toman como ejemplo los conductos mamarios y aseguran un flujo suave y natural<br \/>\nApoyo labial ancho y flexible con punta de tetina extra-suave similar al pez\u00f3n materno<br \/>\nInnovadora V\u00e1lvula Anti-C\u00f3licos que ayuda a prevenir la ingesta de aire<br \/>\nBotella de polipropileno (PP) de alta calidad, resistente y libre de BPA<br \/>\nCon tetina de 6-18 meses, flujo M (6 peque\u00f1os orificios para f\u00f3rmula)<br \/>\nCapacidad 260 ml<\/p>\n","protected":false},"excerpt":{"rendered":"<p>Naturalmente sostenible. Porque sostenible es naturalmente mejor. Es por eso que cada producto NUK for Nature est\u00e1 hecho de materiales<\/p>\n","protected":false},"featured_media":5898,"comment_status":"open","ping_status":"closed","template":"","meta":[],"product_brand":[],"product_cat":[141,126,102],"product_tag":[],"class_list":{"0":"post-5837","1":"product","2":"type-product","3":"status-publish","4":"has-post-thumbnail","6":"product_cat-chupetes-de-silicona","7":"product_cat-chupetes-y-accesorios","8":"product_cat-nuk","10":"first","11":"instock","12":"shipping-taxable","13":"purchasable","14":"product-type-simple"},"_links":{"self":[{"href":"https:\/\/haafer.com\/site\/wp-json\/wp\/v2\/product\/5837","targetHints":{"allow":["GET"]}}],"collection":[{"href":"https:\/\/haafer.com\/site\/wp-json\/wp\/v2\/product"}],"about":[{"href":"https:\/\/haafer.com\/site\/wp-json\/wp\/v2\/types\/product"}],"replies":[{"embeddable":true,"href":"https:\/\/haafer.com\/site\/wp-json\/wp\/v2\/comments?post=5837"}],"wp:featuredmedia":[{"embeddable":true,"href":"https:\/\/haafer.com\/site\/wp-json\/wp\/v2\/media\/5898"}],"wp:attachment":[{"href":"https:\/\/haafer.com\/site\/wp-json\/wp\/v2\/media?parent=5837"}],"wp:term":[{"taxonomy":"product_brand","embeddable":true,"href":"https:\/\/haafer.com\/site\/wp-json\/wp\/v2\/product_brand?post=5837"},{"taxonomy":"product_cat","embeddable":true,"href":"https:\/\/haafer.com\/site\/wp-json\/wp\/v2\/product_cat?post=5837"},{"taxonomy":"product_tag","embeddable":true,"href":"https:\/\/haafer.com\/site\/wp-json\/wp\/v2\/product_tag?post=5837"}],"curies":[{"name":"wp","href":"https:\/\/api.w.org\/{rel}","templated":true}]}}