{"id":5838,"date":"2024-08-01T17:37:11","date_gmt":"2024-08-01T20:37:11","guid":{"rendered":"https:\/\/haafer.com\/site\/?post_type=product&#038;p=5838"},"modified":"2025-11-28T11:38:30","modified_gmt":"2025-11-28T14:38:30","slug":"vaso-aprendizaje-150-ml-control-de-tempertatura-verde","status":"publish","type":"product","link":"https:\/\/haafer.com\/site\/producto\/vaso-aprendizaje-150-ml-control-de-tempertatura-verde\/","title":{"rendered":"Vaso Aprendizaje 150 ml Control de Tempertatura Verde"},"content":{"rendered":"<p>Libre de BPA<br \/>\nEste producto se pens\u00f3 para tu beb\u00e9 y tu tranquilidad, ya que al no contar con BPA, cualquier bebida que ingiera tu beb\u00e9 se encontrar\u00e1 libre de sustancias t\u00f3xicas que puedan afectar su peque\u00f1o organismo.<\/p>\n<p>Aviso legal<br \/>\n\u2022 Edad m\u00ednima recomendada: 6 meses.<\/p>\n","protected":false},"excerpt":{"rendered":"<p>Libre de BPA Este producto se pens\u00f3 para tu beb\u00e9 y tu tranquilidad, ya que al no contar con BPA,<\/p>\n","protected":false},"featured_media":5899,"comment_status":"open","ping_status":"closed","template":"","meta":[],"product_brand":[],"product_cat":[102,138,125],"product_tag":[],"class_list":{"0":"post-5838","1":"product","2":"type-product","3":"status-publish","4":"has-post-thumbnail","6":"product_cat-nuk","7":"product_cat-vaso-aprendizaje-first-choice","8":"product_cat-vasos-nuk","10":"first","11":"instock","12":"shipping-taxable","13":"purchasable","14":"product-type-simple"},"_links":{"self":[{"href":"https:\/\/haafer.com\/site\/wp-json\/wp\/v2\/product\/5838","targetHints":{"allow":["GET"]}}],"collection":[{"href":"https:\/\/haafer.com\/site\/wp-json\/wp\/v2\/product"}],"about":[{"href":"https:\/\/haafer.com\/site\/wp-json\/wp\/v2\/types\/product"}],"replies":[{"embeddable":true,"href":"https:\/\/haafer.com\/site\/wp-json\/wp\/v2\/comments?post=5838"}],"wp:featuredmedia":[{"embeddable":true,"href":"https:\/\/haafer.com\/site\/wp-json\/wp\/v2\/media\/5899"}],"wp:attachment":[{"href":"https:\/\/haafer.com\/site\/wp-json\/wp\/v2\/media?parent=5838"}],"wp:term":[{"taxonomy":"product_brand","embeddable":true,"href":"https:\/\/haafer.com\/site\/wp-json\/wp\/v2\/product_brand?post=5838"},{"taxonomy":"product_cat","embeddable":true,"href":"https:\/\/haafer.com\/site\/wp-json\/wp\/v2\/product_cat?post=5838"},{"taxonomy":"product_tag","embeddable":true,"href":"https:\/\/haafer.com\/site\/wp-json\/wp\/v2\/product_tag?post=5838"}],"curies":[{"name":"wp","href":"https:\/\/api.w.org\/{rel}","templated":true}]}}