{"id":5839,"date":"2024-08-01T17:37:12","date_gmt":"2024-08-01T20:37:12","guid":{"rendered":"https:\/\/haafer.com\/site\/?post_type=product&#038;p=5839"},"modified":"2025-11-28T11:22:34","modified_gmt":"2025-11-28T14:22:34","slug":"sacaleches-manual-jolie-2","status":"publish","type":"product","link":"https:\/\/haafer.com\/site\/producto\/sacaleches-manual-jolie-2\/","title":{"rendered":"Sacaleche Manual con Mamadera Perfect Match   \u00a1NOVEDAD!"},"content":{"rendered":"<p>Sacaleche Manual NUK Jolie<\/p>\n<p>Este producto combina eficiencia, una sensaci\u00f3n suave y un uso sencillo. Cuenta con una almohadilla de silicona suave con superficie texturizada para estimular el flujo de leche. Su dise\u00f1o ergon\u00f3mico incluye una palanca de acci\u00f3n suave. Adem\u00e1s, viene con un contenedor de leche materna, ideal para almacenar, congelar, calentar y alimentar al beb\u00e9. Este producto es directo de f\u00e1brica y somos usuarios certificados NUK.<\/p>\n","protected":false},"excerpt":{"rendered":"<p>Sacaleche Manual NUK Jolie Este producto combina eficiencia, una sensaci\u00f3n suave y un uso sencillo. Cuenta con una almohadilla de<\/p>\n","protected":false},"featured_media":5900,"comment_status":"open","ping_status":"closed","template":"","meta":[],"product_brand":[],"product_cat":[123,102,132],"product_tag":[],"class_list":{"0":"post-5839","1":"product","2":"type-product","3":"status-publish","4":"has-post-thumbnail","6":"product_cat-lactancia","7":"product_cat-nuk","8":"product_cat-sacaleches","10":"first","11":"instock","12":"shipping-taxable","13":"purchasable","14":"product-type-simple"},"_links":{"self":[{"href":"https:\/\/haafer.com\/site\/wp-json\/wp\/v2\/product\/5839","targetHints":{"allow":["GET"]}}],"collection":[{"href":"https:\/\/haafer.com\/site\/wp-json\/wp\/v2\/product"}],"about":[{"href":"https:\/\/haafer.com\/site\/wp-json\/wp\/v2\/types\/product"}],"replies":[{"embeddable":true,"href":"https:\/\/haafer.com\/site\/wp-json\/wp\/v2\/comments?post=5839"}],"wp:featuredmedia":[{"embeddable":true,"href":"https:\/\/haafer.com\/site\/wp-json\/wp\/v2\/media\/5900"}],"wp:attachment":[{"href":"https:\/\/haafer.com\/site\/wp-json\/wp\/v2\/media?parent=5839"}],"wp:term":[{"taxonomy":"product_brand","embeddable":true,"href":"https:\/\/haafer.com\/site\/wp-json\/wp\/v2\/product_brand?post=5839"},{"taxonomy":"product_cat","embeddable":true,"href":"https:\/\/haafer.com\/site\/wp-json\/wp\/v2\/product_cat?post=5839"},{"taxonomy":"product_tag","embeddable":true,"href":"https:\/\/haafer.com\/site\/wp-json\/wp\/v2\/product_tag?post=5839"}],"curies":[{"name":"wp","href":"https:\/\/api.w.org\/{rel}","templated":true}]}}