{"id":5840,"date":"2024-08-01T17:37:13","date_gmt":"2024-08-01T20:37:13","guid":{"rendered":"https:\/\/haafer.com\/site\/?post_type=product&#038;p=5840"},"modified":"2025-11-28T11:20:14","modified_gmt":"2025-11-28T14:20:14","slug":"sacaleche-electrico-first-choice","status":"publish","type":"product","link":"https:\/\/haafer.com\/site\/producto\/sacaleche-electrico-first-choice\/","title":{"rendered":"Sacaleche El\u00e9ctrico Soft &#038; Easy      \u00a1NOVEDAD!"},"content":{"rendered":"<p>16 programas individuales de ritmo y fuerza de succi\u00f3n (4 ritmos y 4 fuerzas de succi\u00f3n diferentes y combinables)<br \/>\nFunci\u00f3n de memoria para almacenar el programa favorito<br \/>\nIndicadores con luces LED para potencia y ritmos<br \/>\nPantalla inteligente que se adapta a las condiciones de luz<br \/>\nFuerza de succi\u00f3n m\u00e1x. 330 mbar<br \/>\nAlimentaci\u00f3n de red, cable de conexi\u00f3n USB o bater\u00eda externa (no incluida)<br \/>\nSilencioso<br \/>\nCorrea para transporte<br \/>\nSuave almohadilla de silicona<br \/>\nEmbudo extractor ergon\u00f3mico<br \/>\nCompatible con mamaderas y tetinas NUK First Choice+<\/p>\n","protected":false},"excerpt":{"rendered":"<p>16 programas individuales de ritmo y fuerza de succi\u00f3n (4 ritmos y 4 fuerzas de succi\u00f3n diferentes y combinables) Funci\u00f3n<\/p>\n","protected":false},"featured_media":5902,"comment_status":"open","ping_status":"closed","template":"","meta":[],"product_brand":[],"product_cat":[123,102,132],"product_tag":[],"class_list":{"0":"post-5840","1":"product","2":"type-product","3":"status-publish","4":"has-post-thumbnail","6":"product_cat-lactancia","7":"product_cat-nuk","8":"product_cat-sacaleches","10":"first","11":"instock","12":"shipping-taxable","13":"purchasable","14":"product-type-simple"},"_links":{"self":[{"href":"https:\/\/haafer.com\/site\/wp-json\/wp\/v2\/product\/5840","targetHints":{"allow":["GET"]}}],"collection":[{"href":"https:\/\/haafer.com\/site\/wp-json\/wp\/v2\/product"}],"about":[{"href":"https:\/\/haafer.com\/site\/wp-json\/wp\/v2\/types\/product"}],"replies":[{"embeddable":true,"href":"https:\/\/haafer.com\/site\/wp-json\/wp\/v2\/comments?post=5840"}],"wp:featuredmedia":[{"embeddable":true,"href":"https:\/\/haafer.com\/site\/wp-json\/wp\/v2\/media\/5902"}],"wp:attachment":[{"href":"https:\/\/haafer.com\/site\/wp-json\/wp\/v2\/media?parent=5840"}],"wp:term":[{"taxonomy":"product_brand","embeddable":true,"href":"https:\/\/haafer.com\/site\/wp-json\/wp\/v2\/product_brand?post=5840"},{"taxonomy":"product_cat","embeddable":true,"href":"https:\/\/haafer.com\/site\/wp-json\/wp\/v2\/product_cat?post=5840"},{"taxonomy":"product_tag","embeddable":true,"href":"https:\/\/haafer.com\/site\/wp-json\/wp\/v2\/product_tag?post=5840"}],"curies":[{"name":"wp","href":"https:\/\/api.w.org\/{rel}","templated":true}]}}